{"id":1465,"date":"2019-12-02T09:30:33","date_gmt":"2019-12-02T06:30:33","guid":{"rendered":"https:\/\/rcsplus.org\/tr\/?page_id=1465"},"modified":"2022-03-02T14:03:25","modified_gmt":"2022-03-02T11:03:25","slug":"kisisel-verileriniz-hakkinda","status":"publish","type":"page","link":"https:\/\/rcsplus.org\/tr\/kisisel-verileriniz-hakkinda\/","title":{"rendered":"Ki\u015fisel Verileriniz Hakk\u0131nda"},"content":{"rendered":"\n<div style=\"height:41px\" aria-hidden=\"true\" class=\"wp-block-spacer\"><\/div>\n\n\n\n<h4 class=\"has-text-align-center wp-block-heading\"><strong>\u00d6ZEL AMER\u0130KAN ROBERT L\u0130SES\u0130 YAZ PROGRAMLARI KAYIT \u00d6NCES\u0130<\/strong><br><strong>K\u0130\u015e\u0130SEL VER\u0130LER\u0130N KORUNMASI VE \u0130\u015eLENMES\u0130 AYDINLATMA METN\u0130<\/strong><\/h4>\n\n\n\n<div style=\"height:41px\" aria-hidden=\"true\" class=\"wp-block-spacer\"><\/div>\n\n\n\n<div class=\"wp-block-columns is-layout-flex wp-container-core-columns-is-layout-9d6595d7 wp-block-columns-is-layout-flex\">\n<div class=\"wp-block-column is-layout-flow wp-block-column-is-layout-flow\">\n<p><strong>1 &#8211; VER\u0130 SORUMLUSU<\/strong><\/p>\n\n\n\n<p>Ki\u015fisel verileriniz veri sorumlusu s\u0131fat\u0131yla \u0130stanbul \u00d6zel Amerikan Robert Lisesi (\u201cOkul\u201d) taraf\u0131ndan, 6698 say\u0131l\u0131 Ki\u015fisel Verilerin Korunmas\u0131 Kanunu (\u201cKanun\u201d) uyar\u0131nca a\u015fa\u011f\u0131da a\u00e7\u0131klanan kapsamda i\u015flenebilecektir.<\/p>\n\n\n\n<p>Ki\u015fisel verilerinizin Okulumuz taraf\u0131ndan i\u015flenme ama\u00e7lar\u0131 konusunda detayl\u0131 bilgiler, www.robcol.k12.tr den eri\u015filebilen \u0130stanbul \u00d6zel Amerikan Robert Lisesi Ki\u015fisel Verilerin Korunmas\u0131 ve \u0130\u015flenmesi Politikas\u0131\u2019nda yer almaktad\u0131r.<\/p>\n\n\n\n<p><strong>2 &#8211; K\u0130\u015e\u0130SEL VER\u0130LER\u0130N\u0130Z\u0130N \u0130\u015eLENME AMACI<\/strong><\/p>\n\n\n\n<p>Toplanan ki\u015fisel verileriniz, Kanun\u2019da \u00f6ng\u00f6r\u00fclen temel ilkelere uygun olarak ve Kanun\u2019un 5. ve 6. maddelerinde belirtilen ki\u015fisel veri i\u015fleme \u015fartlar\u0131 dahilinde, Okul taraf\u0131ndan RCSummer Yaz Programlar\u0131 \u00f6n kay\u0131t s\u00fcre\u00e7lerinin tamamlanmas\u0131 amac\u0131yla i\u015flenmektedir.<\/p>\n\n\n\n<p><strong>3 &#8211; K\u0130\u015e\u0130SEL VER\u0130LER\u0130N\u0130Z\u0130N AKTARILDI\u011eI TARAFLAR VE AKTARIM AMA\u00c7LARI<\/strong><\/p>\n\n\n\n<p>Toplanan ki\u015fisel verileriniz, Kanun\u2019da \u00f6ng\u00f6r\u00fclen temel ilkelere uygun olarak ve Kanun\u2019un 8. ve 9. maddelerinde belirtilen ki\u015fisel veri i\u015fleme \u015fartlar\u0131 dahilinde, Okulumuz taraf\u0131ndan hukuki y\u00fck\u00fcml\u00fcl\u00fcklerin yerine getirilmesi amac\u0131yla kanunen yetkili kamu kurumlar\u0131na ve yetkili \u00f6zel ki\u015filere aktar\u0131labilecektir.<\/p>\n<\/div>\n\n\n\n<div class=\"wp-block-column is-layout-flow wp-block-column-is-layout-flow\">\n<p><strong>4 &#8211; K\u0130\u015e\u0130SEL VER\u0130LER\u0130N\u0130Z\u0130N TOPLANMA Y\u00d6NTEM\u0130 VE HUKUK\u0130 SEBEB\u0130<\/strong><\/p>\n\n\n\n<p>Ki\u015fisel verileriniz Okulumuz taraf\u0131ndan online formlar arac\u0131l\u0131\u011f\u0131 ile toplanacakt\u0131r. Toplanan ki\u015fisel verileriniz Kanun\u2019un 5.maddesinde ifade edilen ilgili ki\u015finin temel hak ve \u00f6zg\u00fcrl\u00fcklerine zarar vermemek kayd\u0131yla, veri sorumlusunun me\u015fru menfaatleri i\u00e7in veri i\u015flenmesinin zorunlu olmas\u0131 ve bir s\u00f6zle\u015fmenin kurulmas\u0131 veya ifas\u0131yla do\u011frudan do\u011fruya ilgili olmas\u0131 kayd\u0131yla, s\u00f6zle\u015fmenin taraflar\u0131na ait ki\u015fisel verilerin i\u015flenmesinin gerekli olmas\u0131 kapsam\u0131nda i\u015flenebilecektir.<\/p>\n\n\n\n<p><strong>5 &#8211; K\u0130\u015e\u0130SEL VER\u0130 SAH\u0130B\u0130 OLARAK KANUN\u2019UN 11. MADDES\u0130NDE SAYILAN HAKLARINIZ<\/strong><\/p>\n\n\n\n<p>Ki\u015fisel veri sahibi olarak Kanun\u2019un 11. maddesi uyar\u0131nca a\u015fa\u011f\u0131daki haklara sahip oldu\u011funuzu bildiririz:<\/p>\n\n\n\n<ul class=\"wp-block-list\"><li>Ki\u015fisel verilerinizin i\u015flenip i\u015flenmedi\u011fini \u00f6\u011frenme,<\/li><li>Ki\u015fisel verileriniz i\u015flenmi\u015fse buna ili\u015fkin bilgi talep etme,<\/li><li>Ki\u015fisel verilerinizin i\u015flenme amac\u0131n\u0131 ve bunlar\u0131n amac\u0131na uygun kullan\u0131l\u0131p kullan\u0131lmad\u0131\u011f\u0131n\u0131 \u00f6\u011frenme,<\/li><li>Yurt i\u00e7inde veya yurt d\u0131\u015f\u0131nda ki\u015fisel verilerinizin aktar\u0131ld\u0131\u011f\u0131 \u00fc\u00e7\u00fcnc\u00fc ki\u015fileri bilme,<\/li><li>Ki\u015fisel verilerinizin eksik veya yanl\u0131\u015f i\u015flenmi\u015f olmas\u0131 h\u00e2linde bunlar\u0131n d\u00fczeltilmesini isteme ve bu kapsamda yap\u0131lan i\u015flemin ki\u015fisel verilerinizin aktar\u0131ld\u0131\u011f\u0131 \u00fc\u00e7\u00fcnc\u00fc ki\u015filere bildirilmesini isteme,<\/li><li>Kanun\u2019a ve ilgili di\u011fer kanun h\u00fck\u00fcmlerine uygun olarak i\u015flenmi\u015f olmas\u0131na ra\u011fmen, i\u015flenmesini gerektiren sebeplerin ortadan kalkmas\u0131 h\u00e2linde ki\u015fisel verilerin silinmesini veya yok edilmesini isteme ve bu kapsamda yap\u0131lan i\u015flemin ki\u015fisel verilerinizin aktar\u0131ld\u0131\u011f\u0131 \u00fc\u00e7\u00fcnc\u00fc ki\u015filere bildirilmesini isteme,<\/li><li>\u0130\u015flenen verilerin m\u00fcnhas\u0131ran otomatik sistemler vas\u0131tas\u0131yla analiz edilmesi suretiyle aleyhinize bir sonucun ortaya \u00e7\u0131kmas\u0131 durumunda buna itiraz etme,<\/li><li>Ki\u015fisel verilerinizin kanuna ayk\u0131r\u0131 olarak i\u015flenmesi sebebiyle zarara u\u011framan\u0131z h\u00e2linde zarar\u0131n giderilmesini talep etme.<\/li><\/ul>\n\n\n\n<p><\/p>\n<\/div>\n<\/div>\n\n\n\n<p>Yukar\u0131da s\u0131ralanan haklar\u0131n\u0131za y\u00f6nelik ba\u015fvurular\u0131n\u0131z\u0131, www.robcol.k12.tr den ula\u015fabilece\u011finiz \u0130stanbul \u00d6zel Amerikan Robert Lisesi Veri Sahibi Ba\u015fvuru Formu\u2019nu doldurarak Okulumuz\u2019a iletebilirsiniz. Talebinizin niteli\u011fine g\u00f6re en k\u0131sa s\u00fcrede ve en ge\u00e7 otuz g\u00fcn i\u00e7inde ba\u015fvurular\u0131n\u0131z \u00fccretsiz olarak sonu\u00e7land\u0131r\u0131lacakt\u0131r; ancak i\u015flemin ayr\u0131ca bir maliyet gerektirmesi halinde Ki\u015fisel Verileri Koruma Kurulu taraf\u0131ndan belirlenecek tarifeye g\u00f6re taraf\u0131n\u0131zdan \u00fccret talep edilebilecektir.<\/p>\n","protected":false},"excerpt":{"rendered":"<p>\u00d6ZEL AMER\u0130KAN ROBERT L\u0130SES\u0130 YAZ PROGRAMLARI KAYIT \u00d6NCES\u0130K\u0130\u015e\u0130SEL VER\u0130LER\u0130N KORUNMASI VE \u0130\u015eLENMES\u0130 AYDINLATMA METN\u0130 1 &#8211; VER\u0130 SORUMLUSU Ki\u015fisel verileriniz veri sorumlusu s\u0131fat\u0131yla \u0130stanbul \u00d6zel Amerikan Robert Lisesi (\u201cOkul\u201d) taraf\u0131ndan, 6698 say\u0131l\u0131 Ki\u015fisel Verilerin Korunmas\u0131 Kanunu (\u201cKanun\u201d) uyar\u0131nca a\u015fa\u011f\u0131da a\u00e7\u0131klanan kapsamda i\u015flenebilecektir. Ki\u015fisel verilerinizin Okulumuz taraf\u0131ndan i\u015flenme ama\u00e7lar\u0131 konusunda detayl\u0131 bilgiler, www.robcol.k12.tr den eri\u015filebilen \u0130stanbul &hellip; <\/p>\n<p class=\"link-more\"><a href=\"https:\/\/rcsplus.org\/tr\/kisisel-verileriniz-hakkinda\/\" class=\"more-link\">Okumaya devam et<span class=\"screen-reader-text\"> &#8220;Ki\u015fisel Verileriniz Hakk\u0131nda&#8221;<\/span><\/a><\/p>\n","protected":false},"author":1,"featured_media":0,"parent":0,"menu_order":0,"comment_status":"closed","ping_status":"closed","template":"","meta":{"inline_featured_image":false,"footnotes":""},"class_list":["post-1465","page","type-page","status-publish","hentry"],"_links":{"self":[{"href":"https:\/\/rcsplus.org\/tr\/wp-json\/wp\/v2\/pages\/1465","targetHints":{"allow":["GET"]}}],"collection":[{"href":"https:\/\/rcsplus.org\/tr\/wp-json\/wp\/v2\/pages"}],"about":[{"href":"https:\/\/rcsplus.org\/tr\/wp-json\/wp\/v2\/types\/page"}],"author":[{"embeddable":true,"href":"https:\/\/rcsplus.org\/tr\/wp-json\/wp\/v2\/users\/1"}],"replies":[{"embeddable":true,"href":"https:\/\/rcsplus.org\/tr\/wp-json\/wp\/v2\/comments?post=1465"}],"version-history":[{"count":16,"href":"https:\/\/rcsplus.org\/tr\/wp-json\/wp\/v2\/pages\/1465\/revisions"}],"predecessor-version":[{"id":2211,"href":"https:\/\/rcsplus.org\/tr\/wp-json\/wp\/v2\/pages\/1465\/revisions\/2211"}],"wp:attachment":[{"href":"https:\/\/rcsplus.org\/tr\/wp-json\/wp\/v2\/media?parent=1465"}],"curies":[{"name":"wp","href":"https:\/\/api.w.org\/{rel}","templated":true}]}}