{"id":1580,"date":"2020-03-23T17:48:15","date_gmt":"2020-03-23T14:48:15","guid":{"rendered":"https:\/\/rcsplus.org\/tr\/?page_id=1580"},"modified":"2025-09-16T11:09:15","modified_gmt":"2025-09-16T08:09:15","slug":"rcs-akademi-yaz","status":"publish","type":"page","link":"https:\/\/rcsplus.org\/tr\/rcs-akademi-yaz\/","title":{"rendered":"RCS Akademi &#8211; Yaz Programlar\u0131"},"content":{"rendered":"\n<div style=\"height:30px\" aria-hidden=\"true\" class=\"wp-block-spacer\"><\/div>\n\n\n\n<h1 class=\"wp-block-heading has-text-align-center\"><mark style=\"background-color:rgba(0, 0, 0, 0)\" class=\"has-inline-color has-luminous-vivid-orange-color\">RCS AKADEM\u0130 2025<\/mark><\/h1>\n\n\n<p style=\"text-align: center;\"><a class=\"fasc-button fasc-size-large fasc-type-flat fasc-rounded-medium fasc-ico-before dashicons-welcome-learn-more\" style=\"background-color: #ba37af; color: #ffffff;\" href=\"https:\/\/rcsplus.org\/tr\/rcsa-program-icerigi\/\">RCS Akademi Nedir?<\/a><\/p>\n\n\n<div style=\"height:30px\" aria-hidden=\"true\" class=\"wp-block-spacer\"><\/div>\n\n\n\n<div class=\"wp-block-columns is-layout-flex wp-container-core-columns-is-layout-9d6595d7 wp-block-columns-is-layout-flex\">\n<div class=\"wp-block-column is-layout-flow wp-block-column-is-layout-flow\">\n<h5 class=\"wp-block-heading has-text-align-center\" id=\"first-session\"><mark style=\"background-color:rgba(0, 0, 0, 0)\" class=\"has-inline-color has-luminous-vivid-orange-color\">B\u0130R\u0130NC\u0130 D\u00d6NEM<\/mark><\/h5>\n\n\n\n<h5 class=\"wp-block-heading has-text-align-center\" id=\"4-weeks\">2 Hafta<\/h5>\n\n\n\n<p class=\"has-text-align-center\">30 Haziran Pazartesi &#8211; 11 Temmuz Cuma 2025<\/p>\n\n\n\n<p class=\"has-text-align-center\">[<a href=\"https:\/\/rcsplus.org\/tr\/event\/dogada-liderlik-egitimi-ve-seruven-programi\/\" data-type=\"URL\" data-id=\"https:\/\/rcsplus.org\/tr\/event\/dogada-liderlik-egitimi-ve-seruven-programi\/\">Do\u011fada Liderlik Program\u0131<\/a> 12 Temmuz Cumartesi g\u00fcn\u00fc son bulacakt\u0131r.]<\/p>\n\n\n\n<figure class=\"wp-block-table is-style-stripes\"><table><thead><tr><th class=\"has-text-align-center\" data-align=\"center\"><strong><mark style=\"background-color:rgba(0, 0, 0, 0)\" class=\"has-inline-color has-black-color\"><strong><mark style=\"background-color:rgba(0, 0, 0, 0)\" class=\"has-inline-color has-black-color\">1. D\u00f6nem Sabah Programlar\u0131<\/mark><\/strong><\/mark><\/strong><\/th><\/tr><\/thead><tbody><tr><td class=\"has-text-align-center\" data-align=\"center\"><a href=\"https:\/\/rcsplus.org\/tr\/event\/ap-bilgisayar-bilimi-ilk-konular\/\" data-type=\"link\" data-id=\"https:\/\/rcsplus.org\/tr\/event\/ap-bilgisayar-bilimi-ilk-konular\/\">AP Bilgisayar Bilimi: \u0130lk Konular<\/a><\/td><\/tr><tr><td class=\"has-text-align-center\" data-align=\"center\"><a href=\"https:\/\/rcsplus.org\/tr\/event\/yaratici-sanat-uretimi\/\" data-type=\"link\" data-id=\"https:\/\/rcsplus.org\/tr\/event\/yaratici-sanat-uretimi\/\">Yarat\u0131c\u0131 Sanat<\/a><\/td><\/tr><tr><td class=\"has-text-align-center\" data-align=\"center\"><a href=\"https:\/\/rcsplus.org\/tr\/event\/roboai-yenilikcileri-python-ile-akilli-robotlar-tasarlayin-ve-insa-edin\/\">RoboAI Yenilik\u00e7ileri: Python ile Ak\u0131ll\u0131 Robot Tasar\u0131m\u0131<\/a><\/td><\/tr><tr><td class=\"has-text-align-center\" data-align=\"center\"><a href=\"https:\/\/rcsplus.org\/tr\/event\/sifirdan-sahneye-dogaclama-tiyatro-101\/\" data-type=\"link\" data-id=\"https:\/\/rcsplus.org\/tr\/event\/sifirdan-sahneye-dogaclama-tiyatro-101\/\">S\u0131f\u0131r\u2019dan Sahneye: Do\u011fa\u00e7lama Tiyatro 101<\/a><\/td><\/tr><\/tbody><\/table><\/figure>\n<\/div>\n\n\n\n<div class=\"wp-block-column is-layout-flow wp-block-column-is-layout-flow\">\n<h5 class=\"wp-block-heading has-text-align-center\" id=\"first-session\"><mark style=\"background-color:rgba(0, 0, 0, 0)\" class=\"has-inline-color has-luminous-vivid-orange-color\">\u0130K\u0130NC\u0130 D\u00d6NEM<\/mark><\/h5>\n\n\n\n<h5 class=\"wp-block-heading has-text-align-center\" id=\"4-weeks\">2 Hafta<\/h5>\n\n\n\n<p class=\"has-text-align-center\">14 Temmuz Sal\u0131 &#8211; 25 Temmuz Cuma 2025*<\/p>\n\n\n\n<p class=\"has-text-align-center\">&#8211;<br><\/p>\n\n\n\n<figure class=\"wp-block-table is-style-stripes\"><table><thead><tr><th class=\"has-text-align-center\" data-align=\"center\"><strong><mark style=\"background-color:rgba(0, 0, 0, 0)\" class=\"has-inline-color has-black-color\"><strong><mark style=\"background-color:rgba(0, 0, 0, 0)\" class=\"has-inline-color has-black-color\">2. D\u00f6nem Sabah Programlar\u0131<\/mark><\/strong><\/mark><\/strong><\/th><\/tr><\/thead><tbody><tr><td class=\"has-text-align-center\" data-align=\"center\"><a href=\"https:\/\/rcsplus.org\/tr\/event\/roboai-yenilikcileri-python-ile-akilli-robotlar-tasarlayin-ve-insa-edin\/\">RoboAI Yenilik\u00e7ileri: Python ile Ak\u0131ll\u0131 Robot Tasar\u0131m\u0131<\/a><\/td><\/tr><tr><td class=\"has-text-align-center\" data-align=\"center\">&#8211;<\/td><\/tr><\/tbody><\/table><\/figure>\n<\/div>\n\n\n\n<div class=\"wp-block-column is-layout-flow wp-block-column-is-layout-flow\">\n<h5 class=\"wp-block-heading has-text-align-center\" id=\"first-session\"><mark style=\"background-color:rgba(0, 0, 0, 0)\" class=\"has-inline-color has-luminous-vivid-orange-color\">\u00dc\u00c7\u00dcNC\u00dc D\u00d6NEM<\/mark><\/h5>\n\n\n\n<h5 class=\"wp-block-heading has-text-align-center\" id=\"4-weeks\">2 Hafta<\/h5>\n\n\n\n<p class=\"has-text-align-center\">4 A\u011fustos Pazartesi &#8211; 15 A\u011fustos Cuma 2025<\/p>\n\n\n\n<p class=\"has-text-align-center\">&#8211;<br><\/p>\n\n\n\n<figure class=\"wp-block-table is-style-stripes\"><table><thead><tr><th class=\"has-text-align-center\" data-align=\"center\"><strong><mark style=\"background-color:rgba(0, 0, 0, 0)\" class=\"has-inline-color has-black-color\"><strong><mark style=\"background-color:rgba(0, 0, 0, 0)\" class=\"has-inline-color has-black-color\">3. D\u00f6nem Sabah Programlar\u0131<\/mark><\/strong><\/mark><\/strong><\/th><\/tr><\/thead><tbody><tr><td class=\"has-text-align-center\" data-align=\"center\"><a href=\"https:\/\/rcsplus.org\/tr\/event\/sanat-esliginde-hikayenizi-anlatin-2\/\" data-type=\"link\" data-id=\"https:\/\/rcsplus.org\/tr\/event\/sanat-esliginde-hikayenizi-anlatin-2\/\">Sanat E\u015fli\u011finde Hikayenizi Anlat\u0131n<\/a><\/td><\/tr><tr><td class=\"has-text-align-center\" data-align=\"center\">&#8211;<\/td><\/tr><\/tbody><\/table><\/figure>\n<\/div>\n<\/div>\n\n\n\n<div class=\"wp-block-columns is-layout-flex wp-container-core-columns-is-layout-9d6595d7 wp-block-columns-is-layout-flex\">\n<div class=\"wp-block-column is-layout-flow wp-block-column-is-layout-flow\">\n<figure class=\"wp-block-table is-style-stripes\"><table><thead><tr><th class=\"has-text-align-center\" data-align=\"center\">1. D\u00f6nem \u00d6\u011flen Programlar\u0131<\/th><\/tr><\/thead><tbody><tr><td class=\"has-text-align-center\" data-align=\"center\"><a href=\"https:\/\/rcsplus.org\/tr\/event\/dogada-liderlik-egitimi-ve-seruven-programi\/\" data-type=\"link\" data-id=\"https:\/\/rcsplus.org\/tr\/event\/dogada-liderlik-egitimi-ve-seruven-programi\/\">Do\u011fada Liderlik ve Ser\u00fcven Program\u0131<\/a><\/td><\/tr><tr><td class=\"has-text-align-center\" data-align=\"center\"><a href=\"https:\/\/rcsplus.org\/tr\/event\/e-spor-bootcampi-2\/\" data-type=\"link\" data-id=\"https:\/\/rcsplus.org\/tr\/event\/e-spor-bootcampi-2\/\">Yo\u011funla\u015ft\u0131r\u0131lm\u0131\u015f E-spor Program\u0131<\/a><\/td><\/tr><tr><td class=\"has-text-align-center\" data-align=\"center\"><a href=\"https:\/\/rcsplus.org\/tr\/event\/roboai-yenilikcileri-python-ile-akilli-robotlar-tasarlayin-ve-insa-edin\/\">RoboAI Yenilik\u00e7ileri: Python ile Ak\u0131ll\u0131 Robot Tasar\u0131m\u0131<\/a><\/td><\/tr><tr><td class=\"has-text-align-center\" data-align=\"center\"><a href=\"https:\/\/rcsplus.org\/tr\/event\/yapay-zeka-ile-herhangi-bir-dil-nasil-ogrenilir\/\" data-type=\"link\" data-id=\"https:\/\/rcsplus.org\/tr\/event\/yapay-zeka-ile-herhangi-bir-dil-nasil-ogrenilir\/\">Yapay Zeka \u0130le Herhangi Bir Dil Nas\u0131l \u00d6\u011frenilir?<\/a><\/td><\/tr><\/tbody><\/table><\/figure>\n<\/div>\n\n\n\n<div class=\"wp-block-column is-layout-flow wp-block-column-is-layout-flow\">\n<figure class=\"wp-block-table is-style-stripes\"><table><thead><tr><th class=\"has-text-align-center\" data-align=\"center\">2. D\u00f6nem \u00d6\u011flen Programlar\u0131<\/th><\/tr><\/thead><tbody><tr><td class=\"has-text-align-center\" data-align=\"center\"><a href=\"https:\/\/rcsplus.org\/tr\/event\/super-cizim-maratonu-gozlem-ciziminde-ustalik\/\" data-type=\"link\" data-id=\"https:\/\/rcsplus.org\/tr\/event\/super-cizim-maratonu-gozlem-ciziminde-ustalik\/\">G\u00f6zlem \u00c7iziminde Ustal\u0131k<\/a><\/td><\/tr><tr><td class=\"has-text-align-center\" data-align=\"center\"><a href=\"https:\/\/rcsplus.org\/tr\/event\/model-birlesmis-milletler-kampi\/\" data-type=\"link\" data-id=\"https:\/\/rcsplus.org\/tr\/event\/model-birlesmis-milletler-kampi\/\">Model Birle\u015fmi\u015f Milletler Kamp\u0131<\/a><\/td><\/tr><\/tbody><\/table><\/figure>\n\n\n\n<div style=\"height:0px\" aria-hidden=\"true\" class=\"wp-block-spacer\"><\/div>\n<\/div>\n\n\n\n<div class=\"wp-block-column is-layout-flow wp-block-column-is-layout-flow\">\n<figure class=\"wp-block-table is-style-stripes\"><table><thead><tr><th class=\"has-text-align-center\" data-align=\"center\">3. D\u00f6nem \u00d6\u011flen Programlar\u0131<\/th><\/tr><\/thead><tbody><tr><td class=\"has-text-align-center\" data-align=\"center\"><a href=\"https:\/\/rcsplus.org\/tr\/event\/sanat-esliginde-hikayenizi-anlatin-3\/\" data-type=\"link\" data-id=\"https:\/\/rcsplus.org\/tr\/event\/sanat-esliginde-hikayenizi-anlatin-3\/\">Sanat E\u015fli\u011finde Hikayenizi Anlat\u0131n<\/a><\/td><\/tr><tr><td class=\"has-text-align-center\" data-align=\"center\"><a href=\"https:\/\/rcsplus.org\/tr\/event\/gelecegi-insa-etmek-tasarim-tabanli-sanal-gerceklik\/\" data-type=\"link\" data-id=\"https:\/\/rcsplus.org\/tr\/event\/gelecegi-insa-etmek-tasarim-tabanli-sanal-gerceklik\/\">Gelece\u011fin \u0130n\u015fas\u0131: Tasar\u0131m \u0130\u00e7in Sanal Ger\u00e7eklik<\/a><\/td><\/tr><\/tbody><\/table><\/figure>\n<\/div>\n<\/div>\n\n\n\n<div class=\"wp-block-columns is-not-stacked-on-mobile is-layout-flex wp-container-core-columns-is-layout-9d6595d7 wp-block-columns-is-layout-flex\">\n<div class=\"wp-block-column is-layout-flow wp-block-column-is-layout-flow\">\n<figure class=\"wp-block-table is-style-stripes\"><table><thead><tr><th class=\"has-text-align-center\" data-align=\"center\">1. D\u00f6nem T\u00fcm G\u00fcn Programlar<\/th><\/tr><\/thead><tbody><tr><td class=\"has-text-align-center\" data-align=\"center\"><a href=\"https:\/\/rcsplus.org\/tr\/activistanbul-programi\/\" data-type=\"link\" data-id=\"https:\/\/rcsplus.org\/activistanbul-program\/\"><mark style=\"background-color:rgba(0, 0, 0, 0);color:#7b0ac6\" class=\"has-inline-color\">ACTIV\u0130stanbul<\/mark><\/a> &#8211; [5 &#8211; 8. S\u0131n\u0131f]<\/td><\/tr><\/tbody><\/table><\/figure>\n<\/div>\n\n\n\n<div class=\"wp-block-column is-style-stripes is-layout-flow wp-block-column-is-layout-flow\">\n<figure class=\"wp-block-table is-style-stripes\"><table><thead><tr><th class=\"has-text-align-center\" data-align=\"center\">2. D\u00f6nem T\u00fcm G\u00fcn Programlar<\/th><\/tr><\/thead><tbody><tr><td class=\"has-text-align-center\" data-align=\"center\"><a href=\"https:\/\/rcsplus.org\/tr\/activistanbul-programi\/\" data-type=\"link\" data-id=\"https:\/\/rcsplus.org\/tr\/activistanbul-programi\/\"><mark style=\"background-color:rgba(0, 0, 0, 0);color:#7b0ac6\" class=\"has-inline-color\">ACTIV\u0130stanbul<\/mark> &#8211; [5 &#8211; 8. S\u0131n\u0131f]<\/a><\/td><\/tr><\/tbody><\/table><\/figure>\n<\/div>\n\n\n\n<div class=\"wp-block-column is-layout-flow wp-block-column-is-layout-flow\">\n<figure class=\"wp-block-table is-style-stripes\"><table><thead><tr><th class=\"has-text-align-center\" data-align=\"center\">3. D\u00f6nem T\u00fcm G\u00fcn Programlar<\/th><\/tr><\/thead><tbody><tr><td class=\"has-text-align-center\" data-align=\"center\"><a href=\"https:\/\/rcsplus.org\/tr\/activistanbul-programi\/\" data-type=\"link\" data-id=\"https:\/\/rcsplus.org\/tr\/activistanbul-programi\/\"><mark style=\"background-color:rgba(0, 0, 0, 0);color:#7b0ac6\" class=\"has-inline-color\">ACTIV\u0130stanbul<\/mark> &#8211; [5 &#8211; 8. S\u0131n\u0131f]<\/a><\/td><\/tr><\/tbody><\/table><\/figure>\n<\/div>\n<\/div>\n\n\n\n<div class=\"wp-block-columns is-layout-flex wp-container-core-columns-is-layout-9d6595d7 wp-block-columns-is-layout-flex\">\n<div class=\"wp-block-column is-layout-flow wp-block-column-is-layout-flow\">\n<figure class=\"wp-block-table is-style-stripes\"><table><thead><tr><th class=\"has-text-align-center\" data-align=\"center\">1 Haftal\u0131k \u00d6zel Program (28 Temmuz &#8211; 2 A\u011fustos)<\/th><\/tr><\/thead><tbody><tr><td class=\"has-text-align-center\" data-align=\"center\"><a href=\"https:\/\/rcsplus.org\/tr\/event\/ileri-dogada-liderlik-egitimi-ve-seruven-programi\/\">\u0130leri Seviye Do\u011fada Liderlik ve Ser\u00fcven Program\u0131<\/a><\/td><\/tr><tr><td class=\"has-text-align-center\" data-align=\"center\"><\/td><\/tr><\/tbody><\/table><\/figure>\n<\/div>\n<\/div>\n\n\n<p style=\"text-align: center;\">&nbsp;<a class=\"fasc-button fasc-size-large fasc-type-flat fasc-rounded-medium fasc-ico-before dashicons-awards\" style=\"background-color: #ff9900; color: #ffffff;\">Kay\u0131tlar kapanm\u0131\u015ft\u0131r.<\/a><\/p>\n\n\n<p class=\"has-text-align-center\">A\u015fa\u011f\u0131daki formu kullanarak program arayabilir, <strong>D\u00f6nem ve Program Tipi Se\u00e7in<\/strong> sekmesini kullanarak birden fazla kriter se\u00e7erek diledi\u011finiz programlar\u0131 listeleyebilirsiniz.<\/p>\n\n\n\n<div style=\"height:10px\" aria-hidden=\"true\" class=\"wp-block-spacer\"><\/div>\n\n\n<div class=\"event_listings\" data-location=\"\" data-keywords=\"\" data-show_filters=\"true\" data-show_pagination=\"false\" data-per_page=\"10\" data-orderby=\"meta_value\" data-order=\"ASC\" data-datetimes=\"\" data-categories=\"\" data-event_types=\"\" data-ticket_prices=\"\" data-event_online=\"\" >\r\n<form class=\"wpem-main wpem-form-wrapper wpem-event-filter-wrapper event_filters\" id=\"event_filters\">\r\n\t\t<div class=\"search_events search-form-container\">\r\n\t\t\t\t<div class=\"wpem-row\">\r\n\t\t\r\n\t\t<!-- Search by event categories section start -->\r\n\t\t\t\t\t\t\t<div class=\"wpem-col\">\r\n\t\t\t\t\t<div class=\"wpem-form-group\">\r\n\t\t\t\t\t\t<label for=\"search_categories\" class=\"wpem-form-label\">Category<\/label>\r\n\t\t\t\t\t\t\t\t\t\t\t\t\t<select name='search_categories[]' id='search_categories' class='event-manager-category-dropdown ' multiple='multiple' data-placeholder='D\u00f6nem ve Program Tipini Se\u00e7in' data-no_results_text='No results match' data-multiple_text='D\u00f6nem ve Program Tipini Se\u00e7in'>\n\t<option class=\"level-0\" value=\"rcsa-summer-1st\">1. D\u00f6nem - 30 Haziran. \u2013 11 Tem.<\/option>\n\t<option class=\"level-0\" value=\"rcsa-summer-2nd\">2. D\u00f6nem - 14 Tem. \u2013 25 Tem.<\/option>\n\t<option class=\"level-0\" value=\"rcsa-summer-3rd\">3. D\u00f6nem - 4 A\u011fus. \u2013 15 A\u011fus.<\/option>\n\t<option class=\"level-0\" value=\"rcsa-summer-morning\">G\u00fcnd\u00fcz Programlar\u0131<\/option>\n\t<option class=\"level-0\" value=\"rcsa-summer-afternoon\">\u00d6\u011fleden Sonra Programlar<\/option>\n\t<option class=\"level-0\" value=\"rcsa-online\">Online Programlar<\/option>\n\t<option class=\"level-0\" value=\"rcsa-all-day\">T\u00fcm G\u00fcn Programlar<\/option>\n\t<option class=\"level-0\" value=\"rcsa-f2f\">Y\u00fcz Y\u00fcze Programlar<\/option>\n<\/select>\n\t\t\t\t\t\t\t\t\t\t\t<\/div>\r\n\t\t\t\t<\/div>\r\n\t\t\t\t\t\t<!-- Search by event categories section end -->\r\n\t\t\r\n\t\t\t<!-- Search by keywords section start -->\r\n\t\t\t<div class=\"wpem-col\">\r\n\t\t\t\t<!-- shows default keywords text field  start-->\r\n\t\t\t\t<div class=\"wpem-form-group\">\r\n\t\t\t\t\t<label for=\"search_keywords\" class=\"wpem-form-label\">Program Arama<\/label>\r\n\t\t\t\t\t<input type=\"text\" name=\"search_keywords\" id=\"search_keywords\" placeholder=\"Program Arama\" value=\"\" \/>\r\n\t\t\t\t<\/div>\r\n\t\t\t\t<!-- shows default keywords text field end -->\r\n\t\t\t<\/div>\r\n\t\t\t<!-- Search by keywords section end-->\r\n\r\n\t\t\t\r\n\t\t\t\r\n\t\t\t<\/div> <!-- \/row -->\r\n\t\t\t<\/div> <!-- \/row -->\r\n\t\t\t\r\n\t\t\t<\/form>\r\n<noscript>Your browser does not support JavaScript, or it is disabled. JavaScript must be enabled in order to view listings.<\/noscript><div class=\"wpem-main wpem-event-listings-header\">\r\n    <div class=\"wpem-row\">\r\n        <div class=\"wpem-col wpem-col-12 wpem-col-sm-6 wpem-col-md-6 wpem-col-lg-8\">\r\n            <div class=\"wpem-event-listing-header-title\">\r\n                <h2 class=\"wpem-heading-text\">Programlar<\/h2> <\/div>\r\n        <\/div>\r\n        <div class=\"wpem-col wpem-col-12 wpem-col-sm-6 wpem-col-md-6 wpem-col-lg-4\">\r\n            <div class=\"wpem-event-layout-action-wrapper\">\r\n                <div class=\"wpem-event-layout-action\">\r\n                      \r\n                    <div class=\"wpem-event-layout-icon wpem-event-box-layout\" title=\"Courses Box View\" id=\"wpem-event-box-layout\"><i class=\"wpem-icon-stop2\"><\/i><\/div>\r\n                    <div class=\"wpem-event-layout-icon wpem-event-list-layout wpem-active-layout\" title=\"Courses List View\" id=\"wpem-event-list-layout\"><i class=\"wpem-icon-menu\"><\/i><\/div>\r\n                                    <\/div>\r\n            <\/div>\r\n        <\/div>\r\n    <\/div>\r\n<\/div>\r\n<!-- Event listing view -->\r\n<div id=\"event-listing-view\" class=\"wpem-main wpem-event-listings event_listings wpem-event-listing-list-view\">\r\n<\/div>\r\n<a class=\"load_more_events\" id=\"load_more_events\" href=\"#\" style=\"display:none;\"><strong>Load more courses<\/strong><\/a><\/div>\n\n\n\n<p><\/p>\n","protected":false},"excerpt":{"rendered":"<p>RCS AKADEM\u0130 2025 RCS Akademi Nedir? B\u0130R\u0130NC\u0130 D\u00d6NEM 2 Hafta 30 Haziran Pazartesi &#8211; 11 Temmuz Cuma 2025 [Do\u011fada Liderlik Program\u0131 12 Temmuz Cumartesi g\u00fcn\u00fc son bulacakt\u0131r.] 1. D\u00f6nem Sabah Programlar\u0131 AP Bilgisayar Bilimi: \u0130lk Konular Yarat\u0131c\u0131 Sanat RoboAI Yenilik\u00e7ileri: Python ile Ak\u0131ll\u0131 Robot Tasar\u0131m\u0131 S\u0131f\u0131r\u2019dan Sahneye: Do\u011fa\u00e7lama Tiyatro 101 \u0130K\u0130NC\u0130 D\u00d6NEM 2 Hafta 14 &hellip; <\/p>\n<p class=\"link-more\"><a href=\"https:\/\/rcsplus.org\/tr\/rcs-akademi-yaz\/\" class=\"more-link\">Okumaya devam et<span class=\"screen-reader-text\"> &#8220;RCS Akademi &#8211; Yaz Programlar\u0131&#8221;<\/span><\/a><\/p>\n","protected":false},"author":1,"featured_media":0,"parent":0,"menu_order":0,"comment_status":"closed","ping_status":"closed","template":"","meta":{"inline_featured_image":false,"footnotes":""},"class_list":["post-1580","page","type-page","status-publish","hentry"],"_links":{"self":[{"href":"https:\/\/rcsplus.org\/tr\/wp-json\/wp\/v2\/pages\/1580","targetHints":{"allow":["GET"]}}],"collection":[{"href":"https:\/\/rcsplus.org\/tr\/wp-json\/wp\/v2\/pages"}],"about":[{"href":"https:\/\/rcsplus.org\/tr\/wp-json\/wp\/v2\/types\/page"}],"author":[{"embeddable":true,"href":"https:\/\/rcsplus.org\/tr\/wp-json\/wp\/v2\/users\/1"}],"replies":[{"embeddable":true,"href":"https:\/\/rcsplus.org\/tr\/wp-json\/wp\/v2\/comments?post=1580"}],"version-history":[{"count":201,"href":"https:\/\/rcsplus.org\/tr\/wp-json\/wp\/v2\/pages\/1580\/revisions"}],"predecessor-version":[{"id":3685,"href":"https:\/\/rcsplus.org\/tr\/wp-json\/wp\/v2\/pages\/1580\/revisions\/3685"}],"wp:attachment":[{"href":"https:\/\/rcsplus.org\/tr\/wp-json\/wp\/v2\/media?parent=1580"}],"curies":[{"name":"wp","href":"https:\/\/api.w.org\/{rel}","templated":true}]}}