{"id":2404,"date":"2022-04-25T14:06:35","date_gmt":"2022-04-25T11:06:35","guid":{"rendered":"https:\/\/rcsplus.org\/tr\/?page_id=2404"},"modified":"2025-09-16T11:00:43","modified_gmt":"2025-09-16T08:00:43","slug":"rcsa-program-icerigi","status":"publish","type":"page","link":"https:\/\/rcsplus.org\/tr\/rcsa-program-icerigi\/","title":{"rendered":"RCS Akademi Hakk\u0131nda"},"content":{"rendered":"\n<div style=\"height:30px\" aria-hidden=\"true\" class=\"wp-block-spacer\"><\/div>\n\n\n\n<h1 class=\"wp-block-heading has-text-align-center\">RCS AKADEM\u0130 &#8211; B\u0130R ROBERT KOLEJ DENEY\u0130M\u0130<\/h1>\n\n\n\n<h3 class=\"wp-block-heading has-text-align-center has-vivid-purple-color has-text-color has-link-color wp-elements-cb4b6bfbd717eb7e11909b0f7fb5b435\">TAT\u0130LDE ROBERT KOLEJ&#8217;DE B\u0130R \u00d6\u011eRENC\u0130L\u0130K DENEY\u0130M\u0130 YA\u015eAMAYA NE DERS\u0130N\u0130Z?<\/h3>\n\n\n\n<div style=\"height:40px\" aria-hidden=\"true\" class=\"wp-block-spacer\"><\/div>\n\n\n\n<div class=\"wp-block-columns is-layout-flex wp-container-core-columns-is-layout-9d6595d7 wp-block-columns-is-layout-flex\">\n<div class=\"wp-block-column is-layout-flow wp-block-column-is-layout-flow\">\n<div class=\"wp-block-cover\"><span aria-hidden=\"true\" class=\"wp-block-cover__background has-background-dim-0 has-background-dim\"><\/span><img loading=\"lazy\" decoding=\"async\" width=\"2048\" height=\"1365\" class=\"wp-block-cover__image-background wp-image-2541\" alt=\"\" src=\"https:\/\/rcsplus.org\/tr\/wp-content\/uploads\/2022\/04\/ar-vr-lab.jpg\" style=\"object-position:67% 54%\" data-object-fit=\"cover\" data-object-position=\"67% 54%\" srcset=\"https:\/\/rcsplus.org\/tr\/wp-content\/uploads\/2022\/04\/ar-vr-lab.jpg 2048w, https:\/\/rcsplus.org\/tr\/wp-content\/uploads\/2022\/04\/ar-vr-lab-300x200.jpg 300w, https:\/\/rcsplus.org\/tr\/wp-content\/uploads\/2022\/04\/ar-vr-lab-1024x683.jpg 1024w, https:\/\/rcsplus.org\/tr\/wp-content\/uploads\/2022\/04\/ar-vr-lab-768x512.jpg 768w, https:\/\/rcsplus.org\/tr\/wp-content\/uploads\/2022\/04\/ar-vr-lab-1536x1024.jpg 1536w\" sizes=\"auto, (max-width: 767px) 89vw, (max-width: 1000px) 54vw, (max-width: 1071px) 543px, 580px\" \/><div class=\"wp-block-cover__inner-container is-layout-flow wp-block-cover-is-layout-flow\">\n<p class=\"has-text-align-center has-large-font-size\"><\/p>\n<\/div><\/div>\n<\/div>\n\n\n\n<div class=\"wp-block-column is-vertically-aligned-top is-layout-flow wp-block-column-is-layout-flow\">\n<h3 class=\"wp-block-heading has-text-align-left has-vivid-purple-color has-text-color\">RCS AKADEM\u0130 NED\u0130R?<\/h3>\n\n\n\n<p>RCS Akademi, Robert Kolej\u2019in en iyi ve deneyimli \u00f6\u011fretmenleri ve kul\u00fcp dan\u0131\u015fmanlar\u0131 taraf\u0131ndan verilen yar\u0131m g\u00fcnl\u00fck \u0130ngilizce bir yaz program\u0131d\u0131r.<\/p>\n\n\n\n<p>Amac\u0131m\u0131z, okul deneyimlerinden daha farkl\u0131 ve yeni kurslarla kat\u0131l\u0131mc\u0131lara e\u011flenceli ve heyecanl\u0131 \u00f6\u011frenme f\u0131rsatlar\u0131 yaratmakt\u0131r.<\/p>\n\n\n\n<p>RCS Akademi olarak sayg\u0131, d\u00fcr\u00fcstl\u00fck, empati, sportmenlik, ba\u015fkalar\u0131 ve \u00e7evre i\u00e7in duyarl\u0131l\u0131k gibi de\u011ferleri de payla\u015fmaktay\u0131z.<\/p>\n<\/div>\n<\/div>\n\n\n\n<div style=\"height:40px\" aria-hidden=\"true\" class=\"wp-block-spacer\"><\/div>\n\n\n\n<div class=\"wp-block-columns is-layout-flex wp-container-core-columns-is-layout-9d6595d7 wp-block-columns-is-layout-flex\">\n<div class=\"wp-block-column is-layout-flow wp-block-column-is-layout-flow\">\n<div class=\"wp-block-cover\" style=\"min-height:339px;aspect-ratio:unset;\"><span aria-hidden=\"true\" class=\"wp-block-cover__background has-background-dim-0 has-background-dim\"><\/span><img loading=\"lazy\" decoding=\"async\" width=\"1791\" height=\"1007\" class=\"wp-block-cover__image-background wp-image-2544\" alt=\"\" src=\"https:\/\/rcsplus.org\/tr\/wp-content\/uploads\/2022\/04\/scratch.jpg\" style=\"object-position:50% 37%\" data-object-fit=\"cover\" data-object-position=\"50% 37%\" srcset=\"https:\/\/rcsplus.org\/tr\/wp-content\/uploads\/2022\/04\/scratch.jpg 1791w, https:\/\/rcsplus.org\/tr\/wp-content\/uploads\/2022\/04\/scratch-300x169.jpg 300w, https:\/\/rcsplus.org\/tr\/wp-content\/uploads\/2022\/04\/scratch-1024x576.jpg 1024w, https:\/\/rcsplus.org\/tr\/wp-content\/uploads\/2022\/04\/scratch-768x432.jpg 768w, https:\/\/rcsplus.org\/tr\/wp-content\/uploads\/2022\/04\/scratch-1536x864.jpg 1536w\" sizes=\"auto, (max-width: 767px) 89vw, (max-width: 1000px) 54vw, (max-width: 1071px) 543px, 580px\" \/><div class=\"wp-block-cover__inner-container is-layout-flow wp-block-cover-is-layout-flow\">\n<p class=\"has-text-align-center has-large-font-size\"><\/p>\n<\/div><\/div>\n<\/div>\n\n\n\n<div class=\"wp-block-column is-vertically-aligned-top is-layout-flow wp-block-column-is-layout-flow\">\n<h3 class=\"wp-block-heading has-text-align-left has-vivid-purple-color has-text-color\">RCS AKADEM\u0130 K\u0130MLER \u0130\u00c7\u0130N?<\/h3>\n\n\n\n<p>RCS Akademi Program\u0131\u2019n\u0131n genel hedef kitlesi 12, 13, 14, 15, 16 veya 17 ya\u015f\u0131ndaki gen\u00e7lerdir. Bununla birlikte, 10 ve 11 ya\u015f\u0131ndaki kat\u0131l\u0131mc\u0131lar\u0131 da kapsayan at\u00f6lyeler a\u00e7\u0131labilmektedir. At\u00f6lyelerin hangi ya\u015f grubuna \u00f6zel oldu\u011funu \u00f6\u011frenmek i\u00e7in&nbsp;<a href=\"https:\/\/rcsplus.org\/tr\/rcs-akademi-yaz\/\" target=\"_blank\" rel=\"noreferrer noopener\">Yaz At\u00f6lyeleri<\/a>&nbsp;sayfas\u0131n\u0131 ziyaret edebilirsiniz. Kay\u0131t yapt\u0131rabilmek i\u00e7in kat\u0131l\u0131mc\u0131lar\u0131n at\u00f6lyenin ba\u015flang\u0131\u00e7 tarihi itibariyle at\u00f6lye detaylar\u0131nda belirtilen ya\u015fta olmas\u0131 gerekmektedir.<\/p>\n<\/div>\n<\/div>\n\n\n\n<div style=\"height:40px\" aria-hidden=\"true\" class=\"wp-block-spacer\"><\/div>\n\n\n\n<div class=\"wp-block-columns is-layout-flex wp-container-core-columns-is-layout-9d6595d7 wp-block-columns-is-layout-flex\">\n<div class=\"wp-block-column is-layout-flow wp-block-column-is-layout-flow\">\n<div class=\"wp-block-cover\"><span aria-hidden=\"true\" class=\"wp-block-cover__background has-background-dim-0 has-background-dim\"><\/span><img loading=\"lazy\" decoding=\"async\" width=\"2048\" height=\"1365\" class=\"wp-block-cover__image-background wp-image-2546\" alt=\"\" src=\"https:\/\/rcsplus.org\/tr\/wp-content\/uploads\/2022\/04\/csi-joe.jpg\" style=\"object-position:17% 43%\" data-object-fit=\"cover\" data-object-position=\"17% 43%\" srcset=\"https:\/\/rcsplus.org\/tr\/wp-content\/uploads\/2022\/04\/csi-joe.jpg 2048w, https:\/\/rcsplus.org\/tr\/wp-content\/uploads\/2022\/04\/csi-joe-300x200.jpg 300w, https:\/\/rcsplus.org\/tr\/wp-content\/uploads\/2022\/04\/csi-joe-1024x683.jpg 1024w, https:\/\/rcsplus.org\/tr\/wp-content\/uploads\/2022\/04\/csi-joe-768x512.jpg 768w, https:\/\/rcsplus.org\/tr\/wp-content\/uploads\/2022\/04\/csi-joe-1536x1024.jpg 1536w\" sizes=\"auto, (max-width: 767px) 89vw, (max-width: 1000px) 54vw, (max-width: 1071px) 543px, 580px\" \/><div class=\"wp-block-cover__inner-container is-layout-flow wp-block-cover-is-layout-flow\">\n<p class=\"has-text-align-center has-large-font-size\"><\/p>\n<\/div><\/div>\n<\/div>\n\n\n\n<div class=\"wp-block-column is-vertically-aligned-top is-layout-flow wp-block-column-is-layout-flow\">\n<h3 class=\"wp-block-heading has-text-align-left has-vivid-purple-color has-text-color\">KATILIMCILARIMIZI NELER BEKL\u0130YOR?<\/h3>\n\n\n\n<p>RCS Akademi\u2019de de kat\u0131l\u0131mc\u0131lar\u0131m\u0131za deneyimleyerek \u00f6\u011frenebilecekleri bir ortam sunmay\u0131 ama\u00e7l\u0131yoruz. <\/p>\n\n\n\n<p>STEAM temelli programlar aras\u0131nda g\u00fczel sanatlar, sahne sanatlar\u0131, oyun tasar\u0131m\u0131, multimedya odakl\u0131 aktivitelerin yan\u0131 s\u0131ra felsefe, psikoloji ve giri\u015fimcilik gibi konular da yer almaktad\u0131r.<\/p>\n\n\n\n<p><strong>Kat\u0131l\u0131mc\u0131lar\u0131m\u0131za program s\u00fcrecinde ge\u00e7irdikleri saat baz\u0131nda kat\u0131l\u0131m sertifikas\u0131 verilecektir.<\/strong><\/p>\n\n\n\n<p><strong>T\u00fcm programlar \u0130ngilizce\u2019dir.<\/strong><\/p>\n<\/div>\n<\/div>\n\n\n\n<div style=\"height:40px\" aria-hidden=\"true\" class=\"wp-block-spacer\"><\/div>\n\n\n\n<div class=\"wp-block-columns is-layout-flex wp-container-core-columns-is-layout-9d6595d7 wp-block-columns-is-layout-flex\">\n<div class=\"wp-block-column is-layout-flow wp-block-column-is-layout-flow\">\n<div class=\"wp-block-cover\" style=\"min-height:339px;aspect-ratio:unset;\"><span aria-hidden=\"true\" class=\"wp-block-cover__background has-background-dim-0 has-background-dim\"><\/span><img loading=\"lazy\" decoding=\"async\" width=\"1600\" height=\"1200\" class=\"wp-block-cover__image-background wp-image-2613\" alt=\"\" src=\"https:\/\/rcsplus.org\/tr\/wp-content\/uploads\/2022\/04\/WhatsApp-Image-2019-07-25-at-17.50.14.jpg\" style=\"object-position:50% 37%\" data-object-fit=\"cover\" data-object-position=\"50% 37%\" srcset=\"https:\/\/rcsplus.org\/tr\/wp-content\/uploads\/2022\/04\/WhatsApp-Image-2019-07-25-at-17.50.14.jpg 1600w, https:\/\/rcsplus.org\/tr\/wp-content\/uploads\/2022\/04\/WhatsApp-Image-2019-07-25-at-17.50.14-300x225.jpg 300w, https:\/\/rcsplus.org\/tr\/wp-content\/uploads\/2022\/04\/WhatsApp-Image-2019-07-25-at-17.50.14-768x576.jpg 768w, https:\/\/rcsplus.org\/tr\/wp-content\/uploads\/2022\/04\/WhatsApp-Image-2019-07-25-at-17.50.14-1536x1152.jpg 1536w\" sizes=\"auto, (max-width: 767px) 89vw, (max-width: 1000px) 54vw, (max-width: 1071px) 543px, 580px\" \/><div class=\"wp-block-cover__inner-container is-layout-flow wp-block-cover-is-layout-flow\">\n<p class=\"has-text-align-center has-large-font-size\"><\/p>\n<\/div><\/div>\n<\/div>\n\n\n\n<div class=\"wp-block-column is-vertically-aligned-top is-layout-flow wp-block-column-is-layout-flow\">\n<h3 class=\"wp-block-heading has-text-align-left has-vivid-purple-color has-text-color\">PROGRAM S\u00dcREC\u0130<\/h3>\n\n\n\n<p><strong>Pazartesi\u2019den Cuma\u2019ya<\/strong> saat <strong>8:15 \u2013 12:00<\/strong> ve <strong>12:30 \u2013 16:15<\/strong> aras\u0131nda ger\u00e7ekle\u015fen programlar <strong>2 hafta s\u00fcrer ve 3 d\u00f6nemden olu\u015fur<\/strong>. Her bir d\u00f6nemin sonunda kat\u0131l\u0131mc\u0131lar\u0131m\u0131z\u0131n kazan\u0131mlar\u0131n\u0131 sergileyebilecekleri bir <strong>Veda Panay\u0131r\u0131<\/strong> ve <strong>Sertifika T\u00f6reni<\/strong> d\u00fczenlenir.<\/p>\n\n\n\n<p>Kat\u0131l\u0131mc\u0131lar biri g\u00fcnd\u00fcz, biri \u00f6\u011fleden sonra olmak \u00fczere iki RCS Akademi program\u0131na, yaln\u0131zca sabah program\u0131 veya yaln\u0131zca \u00f6\u011fleden sonra programlar\u0131na kat\u0131labilirler.<\/p>\n<\/div>\n<\/div>\n\n\n\n<div style=\"height:30px\" aria-hidden=\"true\" class=\"wp-block-spacer\"><\/div>\n\n\n\n<div class=\"wp-block-columns is-layout-flex wp-container-core-columns-is-layout-9d6595d7 wp-block-columns-is-layout-flex\">\n<div class=\"wp-block-column is-vertically-aligned-top is-layout-flow wp-block-column-is-layout-flow\">\n<p style=\"text-align: center;\"><a class=\"fasc-button fasc-size-large fasc-type-flat fasc-rounded-medium fasc-ico-before dashicons-welcome-learn-more\" style=\"background-color: #ba37af; color: #ffffff;\" target=\"_blank\" href=\"https:\/\/rcsplus.org\/tr\/rcs-akademi-yaz\/\" rel=\"noopener\">2025 At\u00f6lyeleri \u0130\u00e7in T\u0131klay\u0131n!<\/a>&nbsp;<a class=\"fasc-button fasc-size-large fasc-type-flat fasc-rounded-medium fasc-ico-before dashicons-awards\" style=\"background-color: #ff9900; color: #ffffff;\" href=\"\">Kay\u0131tlar kapanm\u0131\u015ft\u0131r.<\/a><\/p>\n\n\n\n<p style=\"text-align: center;\"><a class=\"fasc-button fasc-size-large fasc-type-flat fasc-rounded-medium fasc-ico-before dashicons-welcome-learn-more\" style=\"background-color: #ba37af; color: #ffffff;\" target=\"_blank\" rel=\"noopener\" href=\"https:\/\/rcsplus.org\/tr\/rcs-akademi-yaz\/\">Ge\u00e7mi\u015f Programlara G\u00f6z At\u0131n!<\/a><\/p>\n<\/div>\n<\/div>\n\n\n\n<div class=\"wp-block-columns is-layout-flex wp-container-core-columns-is-layout-9d6595d7 wp-block-columns-is-layout-flex\">\n<div class=\"wp-block-column is-layout-flow wp-block-column-is-layout-flow\">\n<h4 class=\"wp-block-heading has-text-align-center has-black-color has-text-color\">PROGRAM \u0130LE \u0130LG\u0130L\u0130 DETAYLAR<\/h4>\n\n\n\n<p>RCS Akademi Program\u0131 Robert Kolej\u2019in en iyi ve en deneyimli \u00f6\u011fretmenlerinin ve kul\u00fcp dan\u0131\u015fmanlar\u0131n\u0131n saat 8:15 \u2013 12:00 ve\/veya 12:30 \u2013 16:15 aras\u0131nda sundu\u011fu yar\u0131m g\u00fcnl\u00fck at\u00f6lyelerden olu\u015fmaktad\u0131r. Kat\u0131l\u0131mc\u0131lar sabah at\u00f6lyelerinden bir ve \u00f6\u011flen at\u00f6lyelerinden bir tane olmak \u00fczere se\u00e7im yapabilirler. <\/p>\n\n\n\n<figure class=\"wp-block-image size-large\"><img decoding=\"async\" src=\"https:\/\/rcsplus.org\/en\/wp-content\/uploads\/2020\/03\/morning-courses.jpg\" alt=\"\"\/><\/figure>\n\n\n\n<p>STEAM alanlar\u0131na ek olarak liderlik konusunu da i\u015fleyen ve kat\u0131l\u0131mc\u0131lar\u0131m\u0131za \u0130ngilizce pratik yaparken yeni ilgi alanlar\u0131 kazand\u0131rmay\u0131 hedefleyen at\u00f6lyeler tamamen \u0130ngilizce ger\u00e7ekle\u015ftirilmektedir. <\/p>\n\n\n\n<p><\/p>\n<\/div>\n\n\n\n<div class=\"wp-block-column is-vertically-aligned-top is-layout-flow wp-block-column-is-layout-flow\">\n<h4 class=\"wp-block-heading has-text-align-center has-black-color has-text-color\">DO\u011eADA L\u0130DERL\u0130K E\u011e\u0130T\u0130M\u0130 VE MACERA PROGRAMI<\/h4>\n\n\n\n<p><strong>Do\u011fada Liderlik E\u011fitimi<\/strong> elementi ile birlikte kat\u0131l\u0131mc\u0131lar\u0131m\u0131za uygulamal\u0131 bir liderlik ve tak\u0131m \u00e7al\u0131\u015fmas\u0131 deneyimi ya\u015fatmay\u0131 hedefliyoruz.<\/p>\n\n\n\n<figure class=\"wp-block-image size-large\"><img decoding=\"async\" src=\"https:\/\/rcsplus.org\/en\/wp-content\/uploads\/2020\/03\/outdoor-leadership.jpg\" alt=\"\"\/><\/figure>\n\n\n\n<p><strong>Hafta i\u00e7i her g\u00fcn<\/strong> kat\u0131l\u0131mc\u0131lar\u0131m\u0131z, do\u011fada hayatta kalma, tak\u0131m \u00e7al\u0131\u015fmas\u0131 ve liderlik \u00e7at\u0131s\u0131 alt\u0131nda \u00e7e\u015fitli aktiviteleri <strong>saat 12:30 ile 16:15 aras\u0131nda<\/strong> <strong>Robert Kolej kamp\u00fcs\u00fcnde<\/strong> kendilerine ayr\u0131lm\u0131\u015f alanlarda ger\u00e7ekle\u015ftirecektir. <strong>Cuma g\u00fcnleri saat 12:30 itibari ile<\/strong> ilk ve ikinci hafta okul d\u0131\u015f\u0131ndaki kamp alanlar\u0131na do\u011fru yola \u00e7\u0131kacak, do\u011fa y\u00fcr\u00fcy\u00fc\u015f\u00fc ve oryantiring aktivitelerinin yan\u0131 s\u0131ra kamp deneyimi de kazanacaklar.<\/p>\n\n\n\n<p>Bu at\u00f6lye, EWES (European Wilderness Education School \/ Avrupa Yaban Hayat\u0131 E\u011fitim Okulu) sertifikal\u0131 uzman e\u011fitmenimiz taraf\u0131ndan tasarlanm\u0131\u015f ve y\u00f6netilecek olup, Robert Kolej ve uzun s\u00fcredir outdoor e\u011fitimdeki orta\u011f\u0131m\u0131z Y\u00f6ne-Team taraf\u0131ndan y\u00fcr\u00fct\u00fclmektedir.<\/p>\n\n\n\n<p class=\"has-text-align-center\"><a class=\"fasc-button fasc-size-large fasc-type-flat fasc-rounded-medium fasc-ico-before dashicons-location-alt\" style=\"background-color: #0a4f2d; color: #ffffff;\" href=\"https:\/\/rcsplus.org\/tr\/liderlik-programi\/\">Do\u011fada Liderlik E\u011fitimi Program\u0131<\/a><\/p>\n<\/div>\n<\/div>\n\n\n\n<div style=\"height:40px\" aria-hidden=\"true\" class=\"wp-block-spacer\"><\/div>\n\n\n\n<p><\/p>\n","protected":false},"excerpt":{"rendered":"<p>RCS AKADEM\u0130 &#8211; B\u0130R ROBERT KOLEJ DENEY\u0130M\u0130 TAT\u0130LDE ROBERT KOLEJ&#8217;DE B\u0130R \u00d6\u011eRENC\u0130L\u0130K DENEY\u0130M\u0130 YA\u015eAMAYA NE DERS\u0130N\u0130Z? RCS AKADEM\u0130 NED\u0130R? RCS Akademi, Robert Kolej\u2019in en iyi ve deneyimli \u00f6\u011fretmenleri ve kul\u00fcp dan\u0131\u015fmanlar\u0131 taraf\u0131ndan verilen yar\u0131m g\u00fcnl\u00fck \u0130ngilizce bir yaz program\u0131d\u0131r. Amac\u0131m\u0131z, okul deneyimlerinden daha farkl\u0131 ve yeni kurslarla kat\u0131l\u0131mc\u0131lara e\u011flenceli ve heyecanl\u0131 \u00f6\u011frenme f\u0131rsatlar\u0131 yaratmakt\u0131r. RCS &hellip; <\/p>\n<p class=\"link-more\"><a href=\"https:\/\/rcsplus.org\/tr\/rcsa-program-icerigi\/\" class=\"more-link\">Okumaya devam et<span class=\"screen-reader-text\"> &#8220;RCS Akademi Hakk\u0131nda&#8221;<\/span><\/a><\/p>\n","protected":false},"author":1,"featured_media":0,"parent":0,"menu_order":0,"comment_status":"closed","ping_status":"closed","template":"","meta":{"inline_featured_image":false,"footnotes":""},"class_list":["post-2404","page","type-page","status-publish","hentry"],"_links":{"self":[{"href":"https:\/\/rcsplus.org\/tr\/wp-json\/wp\/v2\/pages\/2404","targetHints":{"allow":["GET"]}}],"collection":[{"href":"https:\/\/rcsplus.org\/tr\/wp-json\/wp\/v2\/pages"}],"about":[{"href":"https:\/\/rcsplus.org\/tr\/wp-json\/wp\/v2\/types\/page"}],"author":[{"embeddable":true,"href":"https:\/\/rcsplus.org\/tr\/wp-json\/wp\/v2\/users\/1"}],"replies":[{"embeddable":true,"href":"https:\/\/rcsplus.org\/tr\/wp-json\/wp\/v2\/comments?post=2404"}],"version-history":[{"count":92,"href":"https:\/\/rcsplus.org\/tr\/wp-json\/wp\/v2\/pages\/2404\/revisions"}],"predecessor-version":[{"id":3682,"href":"https:\/\/rcsplus.org\/tr\/wp-json\/wp\/v2\/pages\/2404\/revisions\/3682"}],"wp:attachment":[{"href":"https:\/\/rcsplus.org\/tr\/wp-json\/wp\/v2\/media?parent=2404"}],"curies":[{"name":"wp","href":"https:\/\/api.w.org\/{rel}","templated":true}]}}