{"id":34,"date":"2017-11-27T13:16:05","date_gmt":"2017-11-27T13:16:05","guid":{"rendered":"http:\/\/berkmanlord.com\/test\/?page_id=34"},"modified":"2026-04-21T10:56:20","modified_gmt":"2026-04-21T07:56:20","slug":"homepage-news","status":"publish","type":"page","link":"https:\/\/rcsplus.org\/tr\/","title":{"rendered":"Anasayfa &#8211; Duyurular"},"content":{"rendered":"\n<div style=\"height:20px\" aria-hidden=\"true\" class=\"wp-block-spacer\"><\/div>\n\n\n\n<div style=\"height:30px\" aria-hidden=\"true\" class=\"wp-block-spacer\"><\/div>\n\n\n\n<h2 class=\"wp-block-heading has-text-align-center has-black-color has-text-color\" id=\"welcome-to-robert-college-summer-programs\" style=\"line-height:1\"><mark style=\"background-color:rgba(0, 0, 0, 0);color:#ff0000\" class=\"has-inline-color\">ROBERT KOLEJ YAZ PROGRAMLARINA HO\u015e GELD\u0130N\u0130Z!<\/mark><\/h2>\n\n\n\n<p class=\"has-text-align-center\">Program g\u00fcncellemeleri ve kay\u0131t detaylar\u0131ndan ilk siz haberdar olun! \u00c7ocu\u011funuz daha \u00f6nce programa kat\u0131lm\u0131\u015f olsa bile, 2026 veri taban\u0131m\u0131z i\u00e7in e-posta adresinizi yeniden kaydetmenizi rica ederiz. En g\u00fcncel bilgilere ula\u015fmak i\u00e7in a\u015fa\u011f\u0131daki formu doldurman\u0131z yeterlidir. <\/p>\n\n\n\n<div style=\"height:20px\" aria-hidden=\"true\" class=\"wp-block-spacer\"><\/div>\n\n\n\n<div class=\"wp-block-columns is-layout-flex wp-container-core-columns-is-layout-9d6595d7 wp-block-columns-is-layout-flex\">\n<div class=\"wp-block-column is-layout-flow wp-block-column-is-layout-flow\" style=\"flex-basis:10%\"><\/div>\n\n\n\n<div class=\"wp-block-column is-layout-flow wp-block-column-is-layout-flow\">\n<div class=\"wp-block-buttons is-vertical is-content-justification-center is-layout-flex wp-container-core-buttons-is-layout-9a7cdcfd wp-block-buttons-is-layout-flex\">\n<div class=\"wp-block-button is-style-outline is-style-outline--1\"><a class=\"wp-block-button__link has-text-color has-link-color has-medium-font-size has-custom-font-size wp-element-button\" href=\"https:\/\/docs.google.com\/forms\/d\/e\/1FAIpQLSc33TyGQ2inKn7OZTKpkWgtWrkZLnyhPWQU_VC3mjiBw1s5fw\/viewform\" style=\"border-top-left-radius:100px;border-top-right-radius:100px;border-bottom-left-radius:100px;border-bottom-right-radius:100px;color:#ff0000\" target=\"_blank\" rel=\"noreferrer noopener\">G\u00fcncel Bilgileri Almak \u0130stiyorum!<\/a><\/div>\n<\/div>\n<\/div>\n\n\n\n<div class=\"wp-block-column is-layout-flow wp-block-column-is-layout-flow\">\n<ul class=\"wp-block-social-links has-large-icon-size is-content-justification-center is-layout-flex wp-container-core-social-links-is-layout-16018d1d wp-block-social-links-is-layout-flex\"><li class=\"wp-social-link wp-social-link-instagram  wp-block-social-link\"><a href=\"https:\/\/instagram.com\/rcsummer_\" class=\"wp-block-social-link-anchor\"><svg width=\"24\" height=\"24\" viewBox=\"0 0 24 24\" version=\"1.1\" xmlns=\"http:\/\/www.w3.org\/2000\/svg\" aria-hidden=\"true\" focusable=\"false\"><path d=\"M12,4.622c2.403,0,2.688,0.009,3.637,0.052c0.877,0.04,1.354,0.187,1.671,0.31c0.42,0.163,0.72,0.358,1.035,0.673 c0.315,0.315,0.51,0.615,0.673,1.035c0.123,0.317,0.27,0.794,0.31,1.671c0.043,0.949,0.052,1.234,0.052,3.637 s-0.009,2.688-0.052,3.637c-0.04,0.877-0.187,1.354-0.31,1.671c-0.163,0.42-0.358,0.72-0.673,1.035 c-0.315,0.315-0.615,0.51-1.035,0.673c-0.317,0.123-0.794,0.27-1.671,0.31c-0.949,0.043-1.233,0.052-3.637,0.052 s-2.688-0.009-3.637-0.052c-0.877-0.04-1.354-0.187-1.671-0.31c-0.42-0.163-0.72-0.358-1.035-0.673 c-0.315-0.315-0.51-0.615-0.673-1.035c-0.123-0.317-0.27-0.794-0.31-1.671C4.631,14.688,4.622,14.403,4.622,12 s0.009-2.688,0.052-3.637c0.04-0.877,0.187-1.354,0.31-1.671c0.163-0.42,0.358-0.72,0.673-1.035 c0.315-0.315,0.615-0.51,1.035-0.673c0.317-0.123,0.794-0.27,1.671-0.31C9.312,4.631,9.597,4.622,12,4.622 M12,3 C9.556,3,9.249,3.01,8.289,3.054C7.331,3.098,6.677,3.25,6.105,3.472C5.513,3.702,5.011,4.01,4.511,4.511 c-0.5,0.5-0.808,1.002-1.038,1.594C3.25,6.677,3.098,7.331,3.054,8.289C3.01,9.249,3,9.556,3,12c0,2.444,0.01,2.751,0.054,3.711 c0.044,0.958,0.196,1.612,0.418,2.185c0.23,0.592,0.538,1.094,1.038,1.594c0.5,0.5,1.002,0.808,1.594,1.038 c0.572,0.222,1.227,0.375,2.185,0.418C9.249,20.99,9.556,21,12,21s2.751-0.01,3.711-0.054c0.958-0.044,1.612-0.196,2.185-0.418 c0.592-0.23,1.094-0.538,1.594-1.038c0.5-0.5,0.808-1.002,1.038-1.594c0.222-0.572,0.375-1.227,0.418-2.185 C20.99,14.751,21,14.444,21,12s-0.01-2.751-0.054-3.711c-0.044-0.958-0.196-1.612-0.418-2.185c-0.23-0.592-0.538-1.094-1.038-1.594 c-0.5-0.5-1.002-0.808-1.594-1.038c-0.572-0.222-1.227-0.375-2.185-0.418C14.751,3.01,14.444,3,12,3L12,3z M12,7.378 c-2.552,0-4.622,2.069-4.622,4.622S9.448,16.622,12,16.622s4.622-2.069,4.622-4.622S14.552,7.378,12,7.378z M12,15 c-1.657,0-3-1.343-3-3s1.343-3,3-3s3,1.343,3,3S13.657,15,12,15z M16.804,6.116c-0.596,0-1.08,0.484-1.08,1.08 s0.484,1.08,1.08,1.08c0.596,0,1.08-0.484,1.08-1.08S17.401,6.116,16.804,6.116z\"><\/path><\/svg><span class=\"wp-block-social-link-label screen-reader-text\">Instagram<\/span><\/a><\/li>\n\n<li class=\"wp-social-link wp-social-link-linkedin  wp-block-social-link\"><a href=\"https:\/\/www.linkedin.com\/company\/robert-college-summer-programs\/\" class=\"wp-block-social-link-anchor\"><svg width=\"24\" height=\"24\" viewBox=\"0 0 24 24\" version=\"1.1\" xmlns=\"http:\/\/www.w3.org\/2000\/svg\" aria-hidden=\"true\" focusable=\"false\"><path d=\"M19.7,3H4.3C3.582,3,3,3.582,3,4.3v15.4C3,20.418,3.582,21,4.3,21h15.4c0.718,0,1.3-0.582,1.3-1.3V4.3 C21,3.582,20.418,3,19.7,3z M8.339,18.338H5.667v-8.59h2.672V18.338z M7.004,8.574c-0.857,0-1.549-0.694-1.549-1.548 c0-0.855,0.691-1.548,1.549-1.548c0.854,0,1.547,0.694,1.547,1.548C8.551,7.881,7.858,8.574,7.004,8.574z M18.339,18.338h-2.669 v-4.177c0-0.996-0.017-2.278-1.387-2.278c-1.389,0-1.601,1.086-1.601,2.206v4.249h-2.667v-8.59h2.559v1.174h0.037 c0.356-0.675,1.227-1.387,2.526-1.387c2.703,0,3.203,1.779,3.203,4.092V18.338z\"><\/path><\/svg><span class=\"wp-block-social-link-label screen-reader-text\">LinkedIn<\/span><\/a><\/li><\/ul>\n<\/div>\n\n\n\n<div class=\"wp-block-column is-layout-flow wp-block-column-is-layout-flow\" style=\"flex-basis:10%\"><\/div>\n<\/div>\n\n\n\n<div style=\"height:30px\" aria-hidden=\"true\" class=\"wp-block-spacer\"><\/div>\n\n\n\n<div class=\"wp-block-columns is-layout-flex wp-container-core-columns-is-layout-9d6595d7 wp-block-columns-is-layout-flex\">\n<div class=\"wp-block-column is-vertically-aligned-top is-layout-flow wp-block-column-is-layout-flow\">\n<div class=\"wp-block-cover landing-links\" style=\"min-height:300px;aspect-ratio:unset;\"><img loading=\"lazy\" decoding=\"async\" width=\"1600\" height=\"1066\" class=\"wp-block-cover__image-background wp-image-3727 size-large\" alt=\"\" src=\"https:\/\/rcsplus.org\/tr\/wp-content\/uploads\/2026\/02\/CNR05312-1600x1066.jpg\" data-object-fit=\"cover\" srcset=\"https:\/\/rcsplus.org\/tr\/wp-content\/uploads\/2026\/02\/CNR05312-1600x1066.jpg 1600w, https:\/\/rcsplus.org\/tr\/wp-content\/uploads\/2026\/02\/CNR05312-300x200.jpg 300w, https:\/\/rcsplus.org\/tr\/wp-content\/uploads\/2026\/02\/CNR05312-768x512.jpg 768w, https:\/\/rcsplus.org\/tr\/wp-content\/uploads\/2026\/02\/CNR05312-1536x1024.jpg 1536w, https:\/\/rcsplus.org\/tr\/wp-content\/uploads\/2026\/02\/CNR05312-2048x1365.jpg 2048w\" sizes=\"auto, (max-width: 767px) 89vw, (max-width: 1000px) 54vw, (max-width: 1071px) 543px, 580px\" \/><span aria-hidden=\"true\" class=\"wp-block-cover__background has-background-dim-30 has-background-dim\" style=\"background-color:#000000\"><\/span><div class=\"wp-block-cover__inner-container is-layout-flow wp-block-cover-is-layout-flow\"><div class=\"wp-block-image is-resized ignore-logo\">\n<figure class=\"aligncenter size-full\"><img decoding=\"async\" src=\"https:\/\/rcsplus.org\/en\/wp-content\/uploads\/2017\/11\/cropped-cropped-2017-RCSummer-Outline-1-e1513668969539.png\" alt=\"\" class=\"wp-image-1020\" style=\"width:113px\"\/><\/figure>\n<\/div>\n\n\n<h2 class=\"wp-block-heading has-text-align-center\" id=\"rcsummer-2022\" style=\"line-height:1.2\"><mark style=\"background-color:rgba(0, 0, 0, 0)\" class=\"has-inline-color has-luminous-vivid-orange-color\">RCSUMMER<\/mark> 2026<\/h2>\n\n\n\n<p style=\"text-align: center;\"><a class=\"fasc-button fasc-size-large fasc-type-flat fasc-rounded-medium fasc-ico-before dashicons-smiley\" style=\"background-color: #ff9900; color: #ffffff;\" target=\"_blank\" href=\"https:\/\/rcsplus.org\/tr\/rcsummer-kayit-oncesi\/\">\u015eimdi Kaydolun!<\/a>&nbsp;<\/p>\n\n\n\n<p class=\"has-text-align-center\"><strong>8 &#8211; 14 Ya\u015f<\/strong><\/p>\n\n\n\n<div class=\"wp-block-group is-vertical is-content-justification-center is-layout-flex wp-container-core-group-is-layout-4b2eccd6 wp-block-group-is-layout-flex\">\n<div class=\"wp-block-group is-nowrap is-layout-flex wp-container-core-group-is-layout-ad2f72ca wp-block-group-is-layout-flex\">\n<h5 class=\"wp-block-heading\">1. D\u00d6NEM<\/h5>\n\n\n\n<p>\u2022<\/p>\n\n\n\n<p><strong>6 Temmuz &#8211; 31 Temmuz<\/strong> (4 Hafta)<\/p>\n<\/div>\n<\/div>\n\n\n\n<div class=\"wp-block-group is-vertical is-content-justification-center is-layout-flex wp-container-core-group-is-layout-4b2eccd6 wp-block-group-is-layout-flex\">\n<div class=\"wp-block-group is-nowrap is-layout-flex wp-container-core-group-is-layout-ad2f72ca wp-block-group-is-layout-flex\">\n<h5 class=\"wp-block-heading\">2. D\u00d6NEM<\/h5>\n\n\n\n<p>\u2022<\/p>\n\n\n\n<p><strong>3 A\u011fustos &#8211; 21 A\u011fustos<\/strong> (3 Hafta)<\/p>\n<\/div>\n<\/div>\n\n\n\n<div style=\"height:153px\" aria-hidden=\"true\" class=\"wp-block-spacer\"><\/div>\n<\/div><\/div>\n\n\n\n<div style=\"height:20px\" aria-hidden=\"true\" class=\"wp-block-spacer\"><\/div>\n\n\n\n<ul class=\"wp-block-list has-medium-font-size\">\n<li class=\"has-text-color has-link-color wp-elements-c2d1c5d45768b4b752f748b72280d754\" style=\"color:#60676b;font-size:18px\">Program \u00fccretleri i\u00e7in <a href=\"https:\/\/rcsplus.org\/tr\/rcsummer-kayit-oncesi\/\" data-type=\"page\" data-id=\"355\">Kay\u0131t Sayfam\u0131za<\/a> g\u00f6z at\u0131n!<mark style=\"background-color:rgba(0, 0, 0, 0);color:#60676b\" class=\"has-inline-color\"><\/mark><strong><mark style=\"background-color:rgba(0, 0, 0, 0)\" class=\"has-inline-color has-vivid-red-color\">&#8211; Yeni!<\/mark><\/strong><\/li>\n\n\n\n<li style=\"font-size:18px\"><mark style=\"background-color:rgba(0, 0, 0, 0);color:#60676b\" class=\"has-inline-color\">RCSummer 2026 Program Tarihleri sizlerle!<\/mark><mark style=\"background-color:rgba(0, 0, 0, 0);color:#60676b\" class=\"has-inline-color\"><\/mark><\/li>\n<\/ul>\n<\/div>\n\n\n\n<div class=\"wp-block-column is-vertically-aligned-center is-layout-flow wp-block-column-is-layout-flow\">\n<div class=\"wp-block-cover aligncenter landing-links\" style=\"min-height:216px;aspect-ratio:unset;\"><img decoding=\"async\" class=\"wp-block-cover__image-background wp-image-7938 size-large\" alt=\"\" src=\"https:\/\/rcsplus.org\/en\/wp-content\/uploads\/2026\/04\/LRD05467-1024x683.jpg\" data-object-fit=\"cover\"\/><span aria-hidden=\"true\" class=\"wp-block-cover__background has-background-dim-40 has-background-dim wp-block-cover__gradient-background has-background-gradient\" style=\"background:linear-gradient(0deg,rgba(7,146,227,0) 12%,rgb(27,0,77) 39%,rgba(155,81,224,0) 100%)\"><\/span><div class=\"wp-block-cover__inner-container is-layout-flow wp-block-cover-is-layout-flow\">\n<h2 class=\"wp-block-heading has-text-align-right is-style-nodecor has-text-color has-link-color has-x-large-font-size wp-elements-cfdefd742f79a500ae2075c8bbd2edff\" id=\"rcs-academy-summer\" style=\"color:#f4ff1d\">RCS Elevate&#8217;e<br>ad\u0131m at\u0131n!<\/h2>\n\n\n\n<p style=\"text-align: right;\"><a class=\"fasc-button fasc-size-large fasc-type-flat fasc-rounded-medium fasc-ico-before dashicons-chart-line\" style=\"background-color: #fe7faa; color: #ffffff;\" target=\"_blank\" href=\"https:\/\/docs.google.com\/forms\/d\/e\/1FAIpQLSe98sjNkL8Knu2OZeXZWMvJqQH3J7gF_vbyEhatGAMxJatBlQ\/closedform\">\u015eimdi Kaydolun!<\/a>&nbsp;<\/p>\n\n\n\n<div class=\"wp-block-group is-vertical is-content-justification-right is-layout-flex wp-container-core-group-is-layout-b6c475e2 wp-block-group-is-layout-flex\">\n<div class=\"wp-block-group is-content-justification-space-between is-nowrap is-layout-flex wp-container-core-group-is-layout-0dfbf163 wp-block-group-is-layout-flex\">\n<p class=\"has-text-align-center\" id=\"first-session-4-weeks\"><strong>12 &#8211; 16 Ya\u015f<\/strong><\/p>\n<\/div>\n\n\n\n<div class=\"wp-block-group is-content-justification-space-between is-nowrap is-layout-flex wp-container-core-group-is-layout-0dfbf163 wp-block-group-is-layout-flex\">\n<h5 class=\"wp-block-heading has-text-align-center\" id=\"first-session-4-weeks\" style=\"line-height:1\"><mark style=\"background-color:rgba(0, 0, 0, 0)\" class=\"has-inline-color has-white-color\"><strong>1. D\u00d6NEM<\/strong><\/mark><\/h5>\n\n\n\n<p>\u2022  6 -17 Temmuz<\/p>\n<\/div>\n\n\n\n<div class=\"wp-block-group is-content-justification-space-between is-nowrap is-layout-flex wp-container-core-group-is-layout-0dfbf163 wp-block-group-is-layout-flex\">\n<h5 class=\"wp-block-heading has-text-align-center\" id=\"first-session-4-weeks\" style=\"line-height:1\"><mark style=\"background-color:rgba(0, 0, 0, 0)\" class=\"has-inline-color has-white-color\"><strong>2. D\u00d6NEM<\/strong><\/mark><\/h5>\n\n\n\n<p>\u2022<\/p>\n\n\n\n<p class=\"has-text-align-center\" style=\"line-height:1\">20 &#8211; 31 Temmuz<\/p>\n<\/div>\n\n\n\n<div class=\"wp-block-group is-content-justification-space-between is-nowrap is-layout-flex wp-container-core-group-is-layout-0dfbf163 wp-block-group-is-layout-flex\">\n<h5 class=\"wp-block-heading has-text-align-center\" id=\"first-session-4-weeks\" style=\"line-height:1\"><mark style=\"background-color:rgba(0, 0, 0, 0)\" class=\"has-inline-color has-white-color\">3<strong>. D\u00d6NEM<\/strong><\/mark><\/h5>\n\n\n\n<p>\u2022<\/p>\n\n\n\n<p class=\"has-text-align-center\" style=\"line-height:1\">3 &#8211; 14 &#8211; A\u011fustos<\/p>\n<\/div>\n<\/div>\n\n\n\n<div style=\"height:27px\" aria-hidden=\"true\" class=\"wp-block-spacer\"><\/div>\n\n\n\n<div class=\"wp-block-group is-vertical is-content-justification-center is-layout-flex wp-container-core-group-is-layout-72d8363e wp-block-group-is-layout-flex\"><div class=\"wp-block-image is-style-nodecor\">\n<figure class=\"aligncenter size-large is-resized\"><a href=\"https:\/\/rcsplus.org\/tr\/rcs-elevate\/\"><img decoding=\"async\" src=\"https:\/\/rcsplus.org\/en\/wp-content\/uploads\/2026\/04\/IMPACT-LOGO-1015x1024.png\" alt=\"\" class=\"wp-image-7939\" style=\"width:110px;height:auto\"\/><\/a><\/figure>\n<\/div><\/div>\n<\/div><\/div>\n\n\n\n<div style=\"height:20px\" aria-hidden=\"true\" class=\"wp-block-spacer\"><\/div>\n\n\n\n<ul class=\"wp-block-list has-medium-font-size\">\n<li style=\"font-size:18px\"><mark style=\"background-color:rgba(0, 0, 0, 0);color:#60676b\" class=\"has-inline-color\">RCS Akademi&#8217;nin yeni y\u00fcz\u00fc <a href=\"https:\/\/rcsplus.org\/tr\/rcs-elevate\/\" data-type=\"page\" data-id=\"3759\">RCS Elevate<\/a> ile tan\u0131\u015f\u0131n!<\/mark> <strong><mark style=\"background-color:rgba(0, 0, 0, 0)\" class=\"has-inline-color has-vivid-red-color\">&#8211; Yeni!<\/mark><\/strong><\/li>\n\n\n\n<li style=\"font-size:18px\"><mark style=\"background-color:rgba(0, 0, 0, 0);color:#60676b\" class=\"has-inline-color\">Program Tarihleri sizlerle!<\/mark><mark style=\"background-color:rgba(0, 0, 0, 0);color:#60676b\" class=\"has-inline-color\"><\/mark><\/li>\n<\/ul>\n<\/div>\n<\/div>\n\n\n\n<hr class=\"wp-block-separator has-text-color has-luminous-vivid-orange-color has-alpha-channel-opacity has-luminous-vivid-orange-background-color has-background\"\/>\n\n\n<div class=\"wp-block-image is-resized\">\n<figure class=\"aligncenter size-full\"><img loading=\"lazy\" decoding=\"async\" width=\"553\" height=\"353\" src=\"https:\/\/rcsplus.org\/tr\/wp-content\/uploads\/2025\/02\/Sun-Logo-Red-02.png\" alt=\"\" class=\"wp-image-3261\" style=\"width:125px\" srcset=\"https:\/\/rcsplus.org\/tr\/wp-content\/uploads\/2025\/02\/Sun-Logo-Red-02.png 553w, https:\/\/rcsplus.org\/tr\/wp-content\/uploads\/2025\/02\/Sun-Logo-Red-02-300x192.png 300w\" sizes=\"auto, (max-width: 553px) 100vw, 553px\" \/><\/figure>\n<\/div>\n\n\n<div style=\"height:30px\" aria-hidden=\"true\" class=\"wp-block-spacer\"><\/div>\n\n\n\n<h5 class=\"wp-block-heading has-text-align-center\" id=\"daha-fazla-bilgi-icin\" style=\"line-height:0.9\"><mark style=\"background-color:rgba(0, 0, 0, 0)\" class=\"has-inline-color has-black-color\">DAHA FAZLA B\u0130LG\u0130 \u0130\u00c7\u0130N<\/mark><\/h5>\n\n\n<div class=\"wp-block-image is-resized\">\n<figure class=\"aligncenter size-thumbnail\"><img decoding=\"async\" src=\"https:\/\/rcsplus.org\/en\/wp-content\/uploads\/2021\/12\/splash-down-150x150.png\" alt=\"\" class=\"wp-image-4122\" style=\"width:20px\"\/><\/figure>\n<\/div>","protected":false},"excerpt":{"rendered":"<p>ROBERT KOLEJ YAZ PROGRAMLARINA HO\u015e GELD\u0130N\u0130Z! Program g\u00fcncellemeleri ve kay\u0131t detaylar\u0131ndan ilk siz haberdar olun! \u00c7ocu\u011funuz daha \u00f6nce programa kat\u0131lm\u0131\u015f olsa bile, 2026 veri taban\u0131m\u0131z i\u00e7in e-posta adresinizi yeniden kaydetmenizi rica ederiz. En g\u00fcncel bilgilere ula\u015fmak i\u00e7in a\u015fa\u011f\u0131daki formu doldurman\u0131z yeterlidir. DAHA FAZLA B\u0130LG\u0130 \u0130\u00c7\u0130N<\/p>\n","protected":false},"author":1,"featured_media":0,"parent":0,"menu_order":0,"comment_status":"closed","ping_status":"closed","template":"","meta":{"inline_featured_image":false,"footnotes":""},"class_list":["post-34","page","type-page","status-publish","hentry"],"_links":{"self":[{"href":"https:\/\/rcsplus.org\/tr\/wp-json\/wp\/v2\/pages\/34","targetHints":{"allow":["GET"]}}],"collection":[{"href":"https:\/\/rcsplus.org\/tr\/wp-json\/wp\/v2\/pages"}],"about":[{"href":"https:\/\/rcsplus.org\/tr\/wp-json\/wp\/v2\/types\/page"}],"author":[{"embeddable":true,"href":"https:\/\/rcsplus.org\/tr\/wp-json\/wp\/v2\/users\/1"}],"replies":[{"embeddable":true,"href":"https:\/\/rcsplus.org\/tr\/wp-json\/wp\/v2\/comments?post=34"}],"version-history":[{"count":287,"href":"https:\/\/rcsplus.org\/tr\/wp-json\/wp\/v2\/pages\/34\/revisions"}],"predecessor-version":[{"id":3866,"href":"https:\/\/rcsplus.org\/tr\/wp-json\/wp\/v2\/pages\/34\/revisions\/3866"}],"wp:attachment":[{"href":"https:\/\/rcsplus.org\/tr\/wp-json\/wp\/v2\/media?parent=34"}],"curies":[{"name":"wp","href":"https:\/\/api.w.org\/{rel}","templated":true}]}}