{"id":355,"date":"2017-11-30T05:20:35","date_gmt":"2017-11-30T05:20:35","guid":{"rendered":"http:\/\/berkmanlord.com\/test\/?page_id=355"},"modified":"2026-03-05T12:54:14","modified_gmt":"2026-03-05T09:54:14","slug":"rcsummer-kayit-oncesi","status":"publish","type":"page","link":"https:\/\/rcsplus.org\/tr\/rcsummer-kayit-oncesi\/","title":{"rendered":"Kay\u0131t"},"content":{"rendered":"\n<div style=\"height:20px\" aria-hidden=\"true\" class=\"wp-block-spacer\"><\/div>\n\n\n\n<h2 class=\"wp-block-heading has-text-align-center has-text-color has-link-color wp-elements-cf25f2fcdac9bae5d2ac3fa61595fed7\" id=\"rcsummer-2022-on-kayit-tarihleri-cok-yakinda-duyurulacaktir\" style=\"color:#e7332d\"><mark style=\"background-color:rgba(0, 0, 0, 0)\" class=\"has-inline-color has-vivid-red-color\">RCSUMMER KAYIT<\/mark><\/h2>\n\n\n\n<h4 class=\"wp-block-heading has-text-align-center\">2026 RCSummer Program\u0131 <strong>\u00f6n kay\u0131t<\/strong>lar\u0131 ba\u015flad\u0131!<\/h4>\n\n\n\n<hr class=\"wp-block-separator has-text-color has-luminous-vivid-orange-color has-alpha-channel-opacity has-luminous-vivid-orange-background-color has-background\"\/>\n\n\n\n<h3 class=\"wp-block-heading has-text-align-center\"><mark style=\"background-color:rgba(0, 0, 0, 0)\" class=\"has-inline-color has-luminous-vivid-orange-color\">2026 PROGRAMI \u0130LE \u0130LG\u0130L\u0130 DETAYLAR<\/mark><\/h3>\n\n\n\n<div class=\"wp-block-columns is-layout-flex wp-container-core-columns-is-layout-9d6595d7 wp-block-columns-is-layout-flex\">\n<div class=\"wp-block-column is-layout-flow wp-block-column-is-layout-flow\" style=\"flex-basis:10%\"><\/div>\n\n\n\n<div class=\"wp-block-column is-layout-flow wp-block-column-is-layout-flow\" style=\"flex-basis:80%\">\n<div class=\"wp-block-columns is-layout-flex wp-container-core-columns-is-layout-9d6595d7 wp-block-columns-is-layout-flex\">\n<div class=\"wp-block-column is-layout-flow wp-block-column-is-layout-flow\">\n<h5 class=\"wp-block-heading has-text-align-center\" id=\"birinci-donem\"><mark style=\"background-color:rgba(0, 0, 0, 0)\" class=\"has-inline-color has-luminous-vivid-orange-color\">B\u0130R\u0130NC\u0130 D\u00d6NEM<\/mark><\/h5>\n\n\n\n<p class=\"has-text-align-center\">6 Temmuz Pazartesi &#8211; 31 Temmuz Cuma<\/p>\n\n\n\n<h5 class=\"wp-block-heading has-text-align-center\" id=\"4-hafta\">4 Hafta<\/h5>\n\n\n\n<p style=\"text-align: center;\"><a class=\"fasc-button fasc-size-large fasc-type-flat fasc-rounded-medium fasc-ico-before dashicons-smiley\" style=\"background-color: #ff9900; color: #ffffff;\" target=\"_blank\" href=\"https:\/\/forms.gle\/7sekvJSZrFQKyGK49\">\u015eimdi Kaydolun!<\/a><\/p>\n<\/div>\n\n\n\n<div class=\"wp-block-column is-layout-flow wp-block-column-is-layout-flow\">\n<h5 class=\"wp-block-heading has-text-align-center\" id=\"ikinci-donem\"><mark style=\"background-color:rgba(0, 0, 0, 0)\" class=\"has-inline-color has-luminous-vivid-orange-color\">\u0130K\u0130NC\u0130 D\u00d6NEM<\/mark><\/h5>\n\n\n\n<p class=\"has-text-align-center\">3 A\u011fustos Pazartesi &#8211; 21 A\u011fustos Cuma<\/p>\n\n\n\n<h5 class=\"wp-block-heading has-text-align-center\" id=\"3-hafta\">3 Hafta<\/h5>\n\n\n\n<p style=\"text-align: center;\"><a class=\"fasc-button fasc-size-large fasc-type-flat fasc-rounded-medium fasc-ico-before dashicons-smiley\" style=\"background-color: #ff9900; color: #ffffff;\" target=\"_blank\" href=\"https:\/\/forms.gle\/RP77RZgsSKWfcrf29\">\u015eimdi Kaydolun!<\/a><\/p>\n<\/div>\n<\/div>\n<\/div>\n\n\n\n<div class=\"wp-block-column is-layout-flow wp-block-column-is-layout-flow\" style=\"flex-basis:10%\"><\/div>\n<\/div>\n\n\n\n<hr class=\"wp-block-separator has-text-color has-luminous-vivid-orange-color has-alpha-channel-opacity has-luminous-vivid-orange-background-color has-background\"\/>\n\n\n\n<p><strong><strong>\u00d6n Kay\u0131t S\u0131ras\u0131nda Yan\u0131n\u0131zda Bulundurman\u0131z Gerekenler:&nbsp;<\/strong><\/strong><\/p>\n\n\n\n<div class=\"wp-block-columns is-layout-flex wp-container-core-columns-is-layout-9d6595d7 wp-block-columns-is-layout-flex\">\n<div class=\"wp-block-column is-layout-flow wp-block-column-is-layout-flow\">\n<div class=\"wp-block-group\"><div class=\"wp-block-group__inner-container is-layout-constrained wp-block-group-is-layout-constrained\">\n<ul class=\"wp-block-list\">\n<li>Kayd\u0131 yap\u0131lacak \u00e7ocu\u011fun\/\u00e7ocuklar\u0131n TC kimlik numaras\u0131 ya da TC vatanda\u015f\u0131 de\u011filse pasaport numaras\u0131<\/li>\n\n\n\n<li>Kat\u0131l\u0131mc\u0131n\u0131n kay\u0131tl\u0131 oldu\u011fu okulun ad\u0131&nbsp;<\/li>\n\n\n\n<li>Anne &#8211; Baba TC kimlik numaralar\u0131<\/li>\n\n\n\n<li>Size ula\u015fabilece\u011fimiz e-posta adresi&nbsp;<\/li>\n\n\n\n<li>Kay\u0131t Sorumlusu e-posta adresi<\/li>\n\n\n\n<li>RCSummer bilgilendirme e-postalar\u0131, \u015firket e-postalar\u0131n\u0131n g\u00fcvenlik duvar\u0131na tak\u0131labildi\u011fi i\u00e7in kullanmakta oldu\u011funuz g\u00fcncel&nbsp;bir ba\u015fka e-posta adresi (Gmail, Yahoo, Icloud) eklemenizi \u00f6neririz, aksi takdirde e-postalar\u0131m\u0131z size ula\u015fmayabilir.<\/li>\n<\/ul>\n<\/div><\/div>\n<\/div>\n\n\n\n<div class=\"wp-block-column is-vertically-aligned-center is-layout-flow wp-block-column-is-layout-flow\" style=\"flex-basis:30%\"><\/div>\n<\/div>\n\n\n\n<div class=\"wp-block-buttons is-content-justification-center is-layout-flex wp-container-core-buttons-is-layout-5e6b19ed wp-block-buttons-is-layout-flex\">\n<div class=\"wp-block-button has-custom-width wp-block-button__width-50 is-style-outline is-style-outline--1\"><a class=\"wp-block-button__link has-text-color has-link-color has-custom-font-size wp-element-button\" href=\"https:\/\/drive.google.com\/file\/d\/1STpP3XWf-0gx_kNChBh8TMViFTWb4iAU\/view?usp=sharing\" style=\"border-top-left-radius:5px;border-top-right-radius:5px;border-bottom-left-radius:5px;border-bottom-right-radius:5px;color:#ff0000;font-size:15px\" target=\"_blank\" rel=\"noreferrer noopener\">\u00d6n Kay\u0131t Formu \u00d6rne\u011fi<\/a><\/div>\n\n\n\n<div class=\"wp-block-button has-custom-width wp-block-button__width-50 is-style-outline is-style-outline--2\"><a class=\"wp-block-button__link has-text-color has-link-color has-custom-font-size wp-element-button\" href=\"https:\/\/docs.google.com\/forms\/d\/e\/1FAIpQLSc33TyGQ2inKn7OZTKpkWgtWrkZLnyhPWQU_VC3mjiBw1s5fw\/viewform\" style=\"border-top-left-radius:5px;border-top-right-radius:5px;border-bottom-left-radius:5px;border-bottom-right-radius:5px;color:#ff0000;font-size:15px\" target=\"_blank\" rel=\"noreferrer noopener\">G\u00fcncel Bilgilendirmeleri Almak \u0130stiyorum!<\/a><\/div>\n<\/div>\n\n\n\n<div style=\"height:20px\" aria-hidden=\"true\" class=\"wp-block-spacer\"><\/div>\n\n\n\n<hr class=\"wp-block-separator has-text-color has-luminous-vivid-orange-color has-alpha-channel-opacity has-luminous-vivid-orange-background-color has-background\"\/>\n\n\n\n<h3 class=\"wp-block-heading has-text-align-center has-text-color has-link-color wp-elements-a34bde350bd49a75519fcdf7bede66d2\" style=\"color:#e7332d\">2026 PROGRAM \u00dcCRET\u0130<\/h3>\n\n\n\n<div class=\"wp-block-group\"><div class=\"wp-block-group__inner-container is-layout-constrained wp-block-group-is-layout-constrained\">\n<figure class=\"wp-block-table is-style-stripes\"><table><tbody><tr><td class=\"has-text-align-center\" data-align=\"center\">&nbsp;<img decoding=\"async\" width=\"74px;\" height=\"74px;\" src=\"https:\/\/lh4.googleusercontent.com\/MpOsaYUfWnwqsVbAQ_o49FnxyNf4nQk_76AhEq0ip2z_QZWYWNMCAJIKPy5oMrhrixSHQ0lgfkJF-WLg9alNi7NKwn5uk7Tkm_t0XXNKrlpUdNrBG6kDrW_peAb1uurdPc-d4iM94tb40Q\"><\/td><td class=\"has-text-align-center\" data-align=\"center\"><strong>Birinci D\u00f6nem<\/strong><\/td><td class=\"has-text-align-center\" data-align=\"center\"><strong>Pe\u015fin \u00d6deme<\/strong><\/td><td class=\"has-text-align-center\" data-align=\"center\"><strong>Taksitli \u00d6deme Tarihleri<\/strong><\/td><\/tr><tr><td class=\"has-text-align-center\" data-align=\"center\"><strong>Program \u00dccreti<\/strong><\/td><td class=\"has-text-align-center\" data-align=\"center\">195.000 TL<\/td><td class=\"has-text-align-center\" data-align=\"center\">195.000 TL<br>Kay\u0131tta<\/td><td class=\"has-text-align-center\" data-align=\"center\">1. Taksit 97.500 TL<br>Kay\u0131tta<br>+<br>2. Taksit 97.500 TL<br>(17 Nisan&#8217;a Kadar)<\/td><\/tr><tr><td class=\"has-text-align-center\" data-align=\"center\"><strong>RC Mezunu<\/strong><br><strong>ve<\/strong> <strong>Karde\u015f \u0130ndirimi<\/strong><\/td><td class=\"has-text-align-center\" data-align=\"center\">185.000 TL<\/td><td class=\"has-text-align-center\" data-align=\"center\">185.000 TL<\/td><td class=\"has-text-align-center\" data-align=\"center\">1. Taksit 92.500 TL<br>Kay\u0131tta<br>+<br>2. Taksit 92.500 TL<br>(17 Nisan&#8217;a Kadar)<\/td><\/tr><\/tbody><\/table><\/figure>\n\n\n\n<div style=\"height:10px\" aria-hidden=\"true\" class=\"wp-block-spacer\"><\/div>\n\n\n\n<figure class=\"wp-block-table is-style-stripes\"><table><tbody><tr><td class=\"has-text-align-center\" data-align=\"center\">&nbsp;<\/td><td class=\"has-text-align-center\" data-align=\"center\"><strong>\u0130kinci D\u00f6nem<\/strong><\/td><td class=\"has-text-align-center\" data-align=\"center\"><strong>Pe\u015fin \u00d6deme<\/strong><\/td><td class=\"has-text-align-center\" data-align=\"center\"><strong>Taksitli \u00d6deme Tarihleri<\/strong><\/td><\/tr><tr><td class=\"has-text-align-center\" data-align=\"center\"><strong>Program \u00dccreti<\/strong><\/td><td class=\"has-text-align-center\" data-align=\"center\">150.000 TL<\/td><td class=\"has-text-align-center\" data-align=\"center\">150.000 TL<br>Kay\u0131tta<\/td><td class=\"has-text-align-center\" data-align=\"center\">1. Taksit 75.000 TL<br>Kay\u0131tta<br>+<br>2. Taksit 75.000 TL<br>(17 Nisan&#8217;a Kadar)<\/td><\/tr><tr><td class=\"has-text-align-center\" data-align=\"center\"><strong>RC Mezunu<\/strong><br><strong>ve<\/strong> <strong>Karde\u015f \u0130ndirimi<\/strong><\/td><td class=\"has-text-align-center\" data-align=\"center\">142.500 TL<\/td><td class=\"has-text-align-center\" data-align=\"center\">142.500 TL<\/td><td class=\"has-text-align-center\" data-align=\"center\">1. Taksit 71.250 TL<br>Kay\u0131tta<br>+<br>2. Taksit 71.250 TL<br>(17 Nisan&#8217;a Kadar)<\/td><\/tr><\/tbody><\/table><\/figure>\n\n\n\n<div style=\"height:10px\" aria-hidden=\"true\" class=\"wp-block-spacer\"><\/div>\n<\/div><\/div>\n\n\n\n<div class=\"wp-block-columns is-layout-flex wp-container-core-columns-is-layout-9d6595d7 wp-block-columns-is-layout-flex\">\n<div class=\"wp-block-column is-layout-flow wp-block-column-is-layout-flow\">\n<h4 class=\"wp-block-heading\" id=\"program-ucretler-hakkinda\"><mark style=\"background-color:rgba(0, 0, 0, 0);color:#ff0000\" class=\"has-inline-color\">PROGRAM \u00dcCRETLER\u0130 HAKKINDA<\/mark><\/h4>\n\n\n\n<ul class=\"wp-block-list\">\n<li>Program \u00fccretine \u00f6\u011fle yeme\u011fi, sabah ve ak\u015fam \u00fczeri at\u0131\u015ft\u0131rmal\u0131klar\u0131 dahildir. <\/li>\n\n\n\n<li>Servis \u00fccreti dahil de\u011fildir.<\/li>\n\n\n\n<li>Mezun indirimi anne ya da baba Robert Kolej mezunu ise ge\u00e7erlidir.<\/li>\n\n\n\n<li>Karde\u015f indirimi her iki karde\u015fe de uygulan\u0131r. Mezun ve karde\u015f indirimlerinden yaln\u0131zca bir tanesi uygulan\u0131r.<\/li>\n<\/ul>\n<\/div>\n\n\n\n<div class=\"wp-block-column is-layout-flow wp-block-column-is-layout-flow\">\n<h4 class=\"wp-block-heading\" id=\"ulasim\"><mark style=\"background-color:rgba(0, 0, 0, 0);color:#ff0000\" class=\"has-inline-color\">ULA\u015eIM<\/mark><\/h4>\n\n\n\n<p>Ula\u015f\u0131m G\u00fcrsel Servis \u015eirketi taraf\u0131ndan sa\u011flanacakt\u0131r. G\u00fcrsel, kay\u0131t yapt\u0131rmaya hak kazanan velilerle g\u00fczergah ve \u00f6deme bilgileri ile ilgili ileti\u015fime ge\u00e7ecektir.<\/p>\n\n\n\n<div class=\"wp-block-buttons is-horizontal is-content-justification-center is-layout-flex wp-container-core-buttons-is-layout-499968f5 wp-block-buttons-is-layout-flex\">\n<div class=\"wp-block-button\"><a class=\"wp-block-button__link wp-element-button\" href=\"https:\/\/rcsplus.org\/tr\/iletisim\/\" target=\"_blank\" rel=\"noreferrer noopener\">G\u00fcrsel Hakk\u0131nda Daha Fazla Bilgi<\/a><\/div>\n<\/div>\n<\/div>\n<\/div>\n\n\n\n<div class=\"wp-block-columns is-layout-flex wp-container-core-columns-is-layout-9d6595d7 wp-block-columns-is-layout-flex\">\n<div class=\"wp-block-column is-layout-flow wp-block-column-is-layout-flow\">\n<h3 class=\"wp-block-heading has-text-align-left\" id=\"bazi-hatirlatmalar\"><mark style=\"background-color:rgba(0, 0, 0, 0);color:#ff0000\" class=\"has-inline-color\">KAYIT \u0130LE \u0130LG\u0130L\u0130 BAZI HATIRLATMALAR<\/mark><\/h3>\n\n\n\n<ul class=\"wp-block-list\">\n<li>RCSummer \u00f6n kay\u0131tlar\u0131 sadece <strong>ONLINE<\/strong> yap\u0131lmaktad\u0131r.<\/li>\n\n\n\n<li>Kay\u0131t \u00f6ncesinde l\u00fctfen <a href=\"https:\/\/drive.google.com\/file\/d\/1wCN3FOhFXNvGT5uOLyyJqGWiImgcvafG\/view?usp=sharing\" data-type=\"URL\" data-id=\"https:\/\/drive.google.com\/file\/d\/1Gf1g8IhZPunGxzVThpqgy1nx0ekKckP3\/view?usp=share_link\" target=\"_blank\" rel=\"noreferrer noopener\">RCSummer Kural ve Y\u00f6netmelikleri<\/a>&#8216;ni okuyunuz.<\/li>\n\n\n\n<li>Kay\u0131t s\u0131ras\u0131nda en iyi sonucu alabilmek i\u00e7in masa\u00fcst\u00fc ya da diz\u00fcst\u00fc bilgisayar\u0131n\u0131z\u0131 ve web taray\u0131c\u0131s\u0131 olarak Google Chrome kullanman\u0131z\u0131 \u00f6neririz.<\/li>\n\n\n\n<li>Ula\u015f\u0131m, G\u00fcrsel Servis \u015eirketi taraf\u0131ndan sa\u011flanacakt\u0131r. G\u00fcrsel, kay\u0131t yapt\u0131rmaya hak kazanan&nbsp;velilerle g\u00fczergah ve \u00f6deme bilgileri ile ilgili ileti\u015fime ge\u00e7ecektir.<\/li>\n<\/ul>\n<\/div>\n<\/div>\n\n\n\n<div class=\"wp-block-columns is-layout-flex wp-container-core-columns-is-layout-9d6595d7 wp-block-columns-is-layout-flex\">\n<div class=\"wp-block-column is-layout-flow wp-block-column-is-layout-flow\">\n<h3 class=\"wp-block-heading\" id=\"on-kayit-sirasinda-yaninizda-bulundurmaniz-gerekenler\"><mark style=\"background-color:rgba(0, 0, 0, 0);color:#ff0000\" class=\"has-inline-color\">\u00d6N KAYIT SIRASINDA YANINIZDA BULUNDURMANIZ GEREKENLER<\/mark><\/h3>\n\n\n\n<ul class=\"wp-block-list\">\n<li>Kayd\u0131 yap\u0131lacak \u00e7ocu\u011fun\/\u00e7ocuklar\u0131n TC kimlik numaras\u0131 ya da TC vatanda\u015f\u0131 de\u011filse pasaport numaras\u0131<\/li>\n\n\n\n<li>Kat\u0131l\u0131mc\u0131n\u0131n kay\u0131tl\u0131 oldu\u011fu okul ad\u0131<\/li>\n\n\n\n<li>Kay\u0131ttan sorumlu olacak ki\u015finin (anne, baba, teyze, asistan vb.) ileti\u015fim bilgileri<\/li>\n\n\n\n<li>Size ula\u015fabilece\u011fimiz iki farkl\u0131 e-posta adresi. <strong>\u00d6NEML\u0130 HATIRLATMA<\/strong>: RCSummer bilgilendirme e-postalar\u0131, \u015firket e-postalar\u0131n\u0131n g\u00fcvenlik duvar\u0131na tak\u0131labildi\u011fi i\u00e7in kullanmakta oldu\u011funuz g\u00fcncel&nbsp;bir ba\u015fka e-posta adresi (GMail, Windows Live) eklemenizi \u00f6neririz, aksi takdirde e-postalar\u0131m\u0131z size ula\u015fmayabilir.<\/li>\n<\/ul>\n<\/div>\n<\/div>\n\n\n\n<div class=\"wp-block-columns is-layout-flex wp-container-core-columns-is-layout-9d6595d7 wp-block-columns-is-layout-flex\">\n<div class=\"wp-block-column is-layout-flow wp-block-column-is-layout-flow\">\n<h3 class=\"wp-block-heading\" id=\"kayit-adimlari\"><mark style=\"background-color:rgba(0, 0, 0, 0);color:#ff0000\" class=\"has-inline-color\">KAYIT ADIMLARI<\/mark><\/h3>\n\n\n\n<ul class=\"wp-block-list\">\n<li>Kontenjan s\u0131n\u0131rl\u0131 ve talep \u00e7ok yo\u011fun oldu\u011fu i\u00e7in \u00f6n kay\u0131tlar ba\u015fvuru s\u0131ras\u0131na g\u00f6re al\u0131nmaktad\u0131r.<\/li>\n\n\n\n<li>Kontenjan dolduktan sonra yap\u0131lan \u00f6n kay\u0131tlar otomatik olarak ba\u015fvuru s\u0131ras\u0131na g\u00f6re yedek listeye&nbsp;ge\u00e7mektedir.<\/li>\n\n\n\n<li>\u00d6n kay\u0131t yapt\u0131r\u0131p asil listeye girmeye hak kazanan ki\u015filere kay\u0131t tamamlama e-postas\u0131 5 i\u015f g\u00fcn\u00fc i\u00e7erisinde g\u00f6nderilecektir ve sonras\u0131nda kay\u0131tla ilgili&nbsp;ileti\u015fim &#8220;kay\u0131t sorumlusu&#8221; ki\u015fiyle&nbsp;e-mail \u00fczerinden sa\u011flanacakt\u0131r.<\/li>\n\n\n\n<li>Her karde\u015f i\u00e7in kay\u0131t g\u00fcn\u00fcnde&nbsp;ayr\u0131 \u00f6n kay\u0131t formlar\u0131&nbsp;doldurulmas\u0131 gerekmektedir. Bu durumda karde\u015flerden birinin asil listeye girmesi di\u011fer karde\u015fin de <strong>otomatik olarak<\/strong> asil listeye girmesini sa\u011flar.<\/li>\n<\/ul>\n<\/div>\n<\/div>\n\n\n\n<div class=\"wp-block-columns is-layout-flex wp-container-core-columns-is-layout-9d6595d7 wp-block-columns-is-layout-flex\">\n<div class=\"wp-block-column is-layout-flow wp-block-column-is-layout-flow\"><div class=\"wp-block-image is-resized\">\n<figure class=\"aligncenter size-large\"><a href=\"https:\/\/rcsplus.org\/tr\/wp-content\/uploads\/2018\/12\/Kay\u0131t-Procedures.svg\"><img decoding=\"async\" src=\"https:\/\/rcsplus.org\/tr\/wp-content\/uploads\/2018\/12\/Kay\u0131t-Procedures.svg\" alt=\"\"\/><\/a><\/figure>\n<\/div><\/div>\n<\/div>\n\n\n\n<div style=\"height:40px\" aria-hidden=\"true\" class=\"wp-block-spacer\"><\/div>\n","protected":false},"excerpt":{"rendered":"<p>RCSUMMER KAYIT 2026 RCSummer Program\u0131 \u00f6n kay\u0131tlar\u0131 ba\u015flad\u0131! 2026 PROGRAMI \u0130LE \u0130LG\u0130L\u0130 DETAYLAR B\u0130R\u0130NC\u0130 D\u00d6NEM 6 Temmuz Pazartesi &#8211; 31 Temmuz Cuma 4 Hafta \u015eimdi Kaydolun! \u0130K\u0130NC\u0130 D\u00d6NEM 3 A\u011fustos Pazartesi &#8211; 21 A\u011fustos Cuma 3 Hafta \u015eimdi Kaydolun! \u00d6n Kay\u0131t S\u0131ras\u0131nda Yan\u0131n\u0131zda Bulundurman\u0131z Gerekenler:&nbsp; 2026 PROGRAM \u00dcCRET\u0130 &nbsp; Birinci D\u00f6nem Pe\u015fin \u00d6deme Taksitli \u00d6deme &hellip; <\/p>\n<p class=\"link-more\"><a href=\"https:\/\/rcsplus.org\/tr\/rcsummer-kayit-oncesi\/\" class=\"more-link\">Okumaya devam et<span class=\"screen-reader-text\"> &#8220;Kay\u0131t&#8221;<\/span><\/a><\/p>\n","protected":false},"author":1,"featured_media":0,"parent":0,"menu_order":0,"comment_status":"closed","ping_status":"closed","template":"","meta":{"inline_featured_image":false,"footnotes":""},"class_list":["post-355","page","type-page","status-publish","hentry"],"_links":{"self":[{"href":"https:\/\/rcsplus.org\/tr\/wp-json\/wp\/v2\/pages\/355","targetHints":{"allow":["GET"]}}],"collection":[{"href":"https:\/\/rcsplus.org\/tr\/wp-json\/wp\/v2\/pages"}],"about":[{"href":"https:\/\/rcsplus.org\/tr\/wp-json\/wp\/v2\/types\/page"}],"author":[{"embeddable":true,"href":"https:\/\/rcsplus.org\/tr\/wp-json\/wp\/v2\/users\/1"}],"replies":[{"embeddable":true,"href":"https:\/\/rcsplus.org\/tr\/wp-json\/wp\/v2\/comments?post=355"}],"version-history":[{"count":229,"href":"https:\/\/rcsplus.org\/tr\/wp-json\/wp\/v2\/pages\/355\/revisions"}],"predecessor-version":[{"id":3757,"href":"https:\/\/rcsplus.org\/tr\/wp-json\/wp\/v2\/pages\/355\/revisions\/3757"}],"wp:attachment":[{"href":"https:\/\/rcsplus.org\/tr\/wp-json\/wp\/v2\/media?parent=355"}],"curies":[{"name":"wp","href":"https:\/\/api.w.org\/{rel}","templated":true}]}}