{"id":437,"date":"2017-12-01T06:28:04","date_gmt":"2017-12-01T06:28:04","guid":{"rendered":"http:\/\/berkmanlord.com\/test\/?page_id=437"},"modified":"2025-02-27T12:45:36","modified_gmt":"2025-02-27T09:45:36","slug":"ingilizce-tesviklerimiz","status":"publish","type":"page","link":"https:\/\/rcsplus.org\/tr\/ingilizce-tesviklerimiz\/","title":{"rendered":"\u0130ngilizce Te\u015fviklerimiz"},"content":{"rendered":"\n<div style=\"height:30px\" aria-hidden=\"true\" class=\"wp-block-spacer\"><\/div>\n\n\n\n<h2 class=\"wp-block-heading has-text-align-center\"><mark style=\"background-color:rgba(0, 0, 0, 0);color:#ff0000\" class=\"has-inline-color\">D\u0130KKAT! \u0130NG\u0130L\u0130ZCE KONU\u015eULAN B\u0130R ORTAMA G\u0130R\u0130YORSUNUZ!<\/mark><\/h2>\n\n\n\n<h4 class=\"wp-block-heading has-text-align-center\">G\u00fcn boyunca kat\u0131l\u0131mc\u0131lar\u0131n \u0130ngilizce ileti\u015fimde bulunmalar\u0131 istenir. Onlar\u0131 motive etmek ve istenilen dilde konu\u015fmalar\u0131n\u0131 sa\u011flamak i\u00e7in bak\u0131n ne gibi te\u015fviklerimiz var!<\/h4>\n\n\n\n<div style=\"height:30px\" aria-hidden=\"true\" class=\"wp-block-spacer\"><\/div>\n\n\n\n<h2 class=\"wp-block-heading has-text-align-center\"><mark style=\"background-color:rgba(0, 0, 0, 0);color:#ff0000\" class=\"has-inline-color\">TE\u015eV\u0130KLER\u0130M\u0130Z<\/mark><\/h2>\n\n\n\n<div class=\"wp-block-columns is-layout-flex wp-container-core-columns-is-layout-9d6595d7 wp-block-columns-is-layout-flex\">\n<div class=\"wp-block-column is-vertically-aligned-top is-layout-flow wp-block-column-is-layout-flow\">\n<h3 class=\"wp-block-heading has-text-align-center\"><strong>DAMGALAR<\/strong><\/h3>\n\n\n<div class=\"wp-block-image\">\n<figure class=\"aligncenter\"><img decoding=\"async\" src=\"http:\/\/rcsacademy.org\/en\/wp-content\/uploads\/2017\/12\/Stamps.jpg\" alt=\"RCSummer Stamps\" class=\"wp-image-710\"\/><\/figure>\n<\/div>\n\n\n<p>Program boyunca her kat\u0131l\u0131mc\u0131ya t\u00fcm g\u00fcn ta\u015f\u0131malar\u0131 istenen bir pasaport verilir. Pasaportun i\u00e7inde kat\u0131l\u0131mc\u0131n\u0131n ismi ve acil durumda ihtiya\u00e7 duyulan bilgiler vard\u0131r. Pasaport sayfalar\u0131nda haftal\u0131k tamamlanmas\u0131 gereken damga sayfalar\u0131 vard\u0131r. Kat\u0131l\u0131mc\u0131lar, \u0130ngilizce konu\u015fma, \u00e7evreye dost\u00e7a davranma, ba\u015fkalar\u0131na yard\u0131m etme, dinleme ve kat\u0131l\u0131m ba\u015fl\u0131klar\u0131nda be\u015f damgay\u0131 bir haftada tamamlad\u0131klar\u0131 zaman \u00f6zel bir \u00f6d\u00fcl ile onurland\u0131r\u0131l\u0131rlar.<\/p>\n<\/div>\n\n\n\n<div class=\"wp-block-column is-vertically-aligned-top is-layout-flow wp-block-column-is-layout-flow\">\n<h3 class=\"wp-block-heading has-text-align-center\"><strong>HALKALAR<\/strong><\/h3>\n\n\n<div class=\"wp-block-image\">\n<figure class=\"aligncenter\"><img decoding=\"async\" src=\"http:\/\/rcsacademy.org\/en\/wp-content\/uploads\/2017\/12\/Rings.jpg\" alt=\"RCSummer Rings\" class=\"wp-image-712\"\/><\/figure>\n<\/div>\n\n\n<p class=\"has-text-align-left\">Halkalar \u00f6rnek davran\u0131\u015flar\u0131 destekleyen te\u015fviklerdir. G\u00fcn boyu \u00f6rnek davran\u0131\u015f\u0131 ile \u00f6zel bir davran\u0131\u015f sergileyen \u00f6\u011frenciye rehber \u00f6\u011fretmen renkli bir halka verir. Halkalar, \u0130ngilizce konu\u015fmay\u0131 ve \u00f6rnek davran\u0131\u015f\u0131 te\u015fvik eden arkada\u015f\u00e7a bir yar\u0131\u015fma ortam\u0131 sunar. Program\u0131n sonunda en fazla halka alan \u00f6\u011frenciye \u201cB\u00fcy\u00fck Halka\u201d \u00f6d\u00fcl\u00fc verilir.<\/p>\n<\/div>\n<\/div>\n\n\n\n<div class=\"wp-block-columns is-layout-flex wp-container-core-columns-is-layout-9d6595d7 wp-block-columns-is-layout-flex\">\n<div class=\"wp-block-column is-layout-flow wp-block-column-is-layout-flow\">\n<h3 class=\"wp-block-heading has-text-align-center\"><strong>G\u00dcN\u00dcN KEL\u0130MES\u0130<\/strong><\/h3>\n\n\n<div class=\"wp-block-image\">\n<figure class=\"aligncenter\"><img decoding=\"async\" src=\"http:\/\/rcsacademy.org\/en\/wp-content\/uploads\/2017\/12\/RCSummer-Word-of-the-Day.jpg\" alt=\"RCSummer Word of the Day\" class=\"wp-image-714\"\/><\/figure>\n<\/div>\n\n\n<p>Her sabah skecinin bir par\u00e7as\u0131 olarak g\u00fcn\u00fcn kelimesi renkli ve e\u011flendirici posterlerle kat\u0131l\u0131mc\u0131lara sunulur ve bu posterler program boyunca kamp\u00fcs\u00fcn duvarlar\u0131nda as\u0131l\u0131 durur. \u00d6\u011fretilen ya da peki\u015ftirilen kelimeler RC de\u011ferlerini yans\u0131t\u0131r.<\/p>\n<\/div>\n\n\n\n<div class=\"wp-block-column is-layout-flow wp-block-column-is-layout-flow\">\n<h3 class=\"wp-block-heading has-text-align-center\"><strong>G\u0130ZL\u0130 REHBER \u00d6\u011eRETMEN<\/strong><\/h3>\n\n\n<div class=\"wp-block-image\">\n<figure class=\"aligncenter\"><img decoding=\"async\" src=\"http:\/\/rcsacademy.org\/en\/wp-content\/uploads\/2017\/12\/RCSummer-Secret-Counselor-Winner.jpg\" alt=\"RCSummer Secret Counselor Winner\" class=\"wp-image-729\"\/><\/figure>\n<\/div>\n\n\n<p>Her g\u00fcn, rehber \u00f6\u011fretmenler \u0130ngilizce konu\u015fmak i\u00e7in \u00e7aba g\u00f6steren ve programa olumlu katk\u0131da bulunmaya \u00e7al\u0131\u015fan kat\u0131l\u0131mc\u0131lar\u0131 g\u00f6zlemlerler. Sabahki ske\u00e7 sonunda kazanan \u00f6\u011frenciler duyurulur ve g\u00fcn\u00fcn sonunda bu \u00f6\u011frenciler \u00f6\u011fretmenlerinin \u00fczerine su balonu atma hakk\u0131 kazan\u0131rlar.<\/p>\n<\/div>\n<\/div>\n\n\n\n<div class=\"wp-block-columns is-layout-flex wp-container-core-columns-is-layout-9d6595d7 wp-block-columns-is-layout-flex\">\n<div class=\"wp-block-column is-layout-flow wp-block-column-is-layout-flow\">\n<h3 class=\"wp-block-heading has-text-align-center\"><strong>BANKA VE KIOSK<\/strong><\/h3>\n\n\n\n<p>RCSummer \u00f6\u011fleden sonra kendi a\u00e7t\u0131\u011f\u0131 kiosklarda sa\u011fl\u0131kl\u0131 at\u0131\u015ft\u0131rmal\u0131klar\u0131n ve para idaresinin te\u015fvikini sa\u011flar. Kat\u0131l\u0131mc\u0131lar, T\u00fcrk Liralar\u0131n\u0131 RCSummer paras\u0131 olan Kronos\u2019a \u00e7evirirler. RCSummer ekibi taraf\u0131ndan a\u00e7\u0131lan kiosklarda \u00f6\u011frenciler \u0130ngilizce ileti\u015fim kurarlar. Kiosklardan \u00f6\u011frenciler RCSummer hat\u0131ra e\u015fyalar\u0131 da alabilirler.<\/p>\n<\/div>\n\n\n\n<div class=\"wp-block-column is-vertically-aligned-center is-layout-flow wp-block-column-is-layout-flow\"><div class=\"wp-block-image\">\n<figure class=\"aligncenter size-full is-resized\"><img loading=\"lazy\" decoding=\"async\" width=\"553\" height=\"353\" src=\"https:\/\/rcsplus.org\/tr\/wp-content\/uploads\/2025\/02\/Sun-Logo-Red-02.png\" alt=\"\" class=\"wp-image-3261\" style=\"width:125px\" srcset=\"https:\/\/rcsplus.org\/tr\/wp-content\/uploads\/2025\/02\/Sun-Logo-Red-02.png 553w, https:\/\/rcsplus.org\/tr\/wp-content\/uploads\/2025\/02\/Sun-Logo-Red-02-300x192.png 300w\" sizes=\"auto, (max-width: 553px) 100vw, 553px\" \/><\/figure>\n<\/div><\/div>\n<\/div>\n","protected":false},"excerpt":{"rendered":"<p>D\u0130KKAT! \u0130NG\u0130L\u0130ZCE KONU\u015eULAN B\u0130R ORTAMA G\u0130R\u0130YORSUNUZ! G\u00fcn boyunca kat\u0131l\u0131mc\u0131lar\u0131n \u0130ngilizce ileti\u015fimde bulunmalar\u0131 istenir. Onlar\u0131 motive etmek ve istenilen dilde konu\u015fmalar\u0131n\u0131 sa\u011flamak i\u00e7in bak\u0131n ne gibi te\u015fviklerimiz var! TE\u015eV\u0130KLER\u0130M\u0130Z DAMGALAR Program boyunca her kat\u0131l\u0131mc\u0131ya t\u00fcm g\u00fcn ta\u015f\u0131malar\u0131 istenen bir pasaport verilir. Pasaportun i\u00e7inde kat\u0131l\u0131mc\u0131n\u0131n ismi ve acil durumda ihtiya\u00e7 duyulan bilgiler vard\u0131r. Pasaport sayfalar\u0131nda haftal\u0131k tamamlanmas\u0131 &hellip; <\/p>\n<p class=\"link-more\"><a href=\"https:\/\/rcsplus.org\/tr\/ingilizce-tesviklerimiz\/\" class=\"more-link\">Okumaya devam et<span class=\"screen-reader-text\"> &#8220;\u0130ngilizce Te\u015fviklerimiz&#8221;<\/span><\/a><\/p>\n","protected":false},"author":1,"featured_media":0,"parent":0,"menu_order":0,"comment_status":"closed","ping_status":"closed","template":"","meta":{"inline_featured_image":false,"footnotes":""},"class_list":["post-437","page","type-page","status-publish","hentry"],"_links":{"self":[{"href":"https:\/\/rcsplus.org\/tr\/wp-json\/wp\/v2\/pages\/437","targetHints":{"allow":["GET"]}}],"collection":[{"href":"https:\/\/rcsplus.org\/tr\/wp-json\/wp\/v2\/pages"}],"about":[{"href":"https:\/\/rcsplus.org\/tr\/wp-json\/wp\/v2\/types\/page"}],"author":[{"embeddable":true,"href":"https:\/\/rcsplus.org\/tr\/wp-json\/wp\/v2\/users\/1"}],"replies":[{"embeddable":true,"href":"https:\/\/rcsplus.org\/tr\/wp-json\/wp\/v2\/comments?post=437"}],"version-history":[{"count":33,"href":"https:\/\/rcsplus.org\/tr\/wp-json\/wp\/v2\/pages\/437\/revisions"}],"predecessor-version":[{"id":3356,"href":"https:\/\/rcsplus.org\/tr\/wp-json\/wp\/v2\/pages\/437\/revisions\/3356"}],"wp:attachment":[{"href":"https:\/\/rcsplus.org\/tr\/wp-json\/wp\/v2\/media?parent=437"}],"curies":[{"name":"wp","href":"https:\/\/api.w.org\/{rel}","templated":true}]}}