{"id":624,"date":"2017-12-05T06:14:47","date_gmt":"2017-12-05T06:14:47","guid":{"rendered":"http:\/\/berkmanlord.com\/test\/?page_id=624"},"modified":"2026-02-27T10:55:43","modified_gmt":"2026-02-27T07:55:43","slug":"iletisim","status":"publish","type":"page","link":"https:\/\/rcsplus.org\/tr\/iletisim\/","title":{"rendered":"\u0130leti\u015fim"},"content":{"rendered":"\n<div class=\"wp-block-columns is-layout-flex wp-container-core-columns-is-layout-9d6595d7 wp-block-columns-is-layout-flex\">\n<div class=\"wp-block-column is-vertically-aligned-top is-layout-flow wp-block-column-is-layout-flow\">\n<iframe src=\"https:\/\/www.google.com\/maps\/embed?pb=!1m14!1m8!1m3!1d17017.37321467704!2d29.034268556254922!3d41.06298113312025!3m2!1i1024!2i768!4f13.1!3m3!1m2!1s0x0%3A0x26c73746b113fc1b!2sRobert%20Kolej!5e0!3m2!1sen!2str!4v1637655214966!5m2!1sen!2str\" width=\"700\" height=\"650\" style=\"border:0;\" allowfullscreen=\"\" loading=\"lazy\"><\/iframe>\n<\/div>\n\n\n\n<div class=\"wp-block-column is-layout-flow wp-block-column-is-layout-flow\">\n<p>Baz\u0131 genel konularda bilgi almak i\u00e7in l\u00fctfen S\u0131k\u00e7a Sorulan Sorular sayfalar\u0131m\u0131z\u0131 ziyaret edin. Sormak istedi\u011finiz di\u011fer sorular i\u00e7in a\u015fa\u011f\u0131daki e-mail adresinden bize ula\u015fabilirisiniz.<\/p>\n\n\n\n<p> Duyurular\u0131m\u0131z\u0131 E-Posta olarak almak i\u00e7in <a href=\"http:\/\/goo.gl\/LVaVJb\" data-type=\"URL\" data-id=\"http:\/\/goo.gl\/LVaVJb\">ileti\u015fim listemize<\/a> kaydolabilirsiniz! <\/p>\n\n\n\n<div class=\"wp-block-columns is-layout-flex wp-container-core-columns-is-layout-9d6595d7 wp-block-columns-is-layout-flex\">\n<div class=\"wp-block-column is-layout-flow wp-block-column-is-layout-flow\">\n<p><strong>Telefonlar &amp; E-Posta<\/strong><\/p>\n\n\n\n<p>+90 212 359 24 50<br>+90 212 359 23 28<br>+90 212 359 23 87<\/p>\n\n\n\n<p><a href=\"mailto:rcsparents@robcol.k12.tr?Subject=Through%20Website%20-\">rcsparents@robcol.k12.tr<\/a><\/p>\n<\/div>\n\n\n\n<div class=\"wp-block-column is-layout-flow wp-block-column-is-layout-flow\">\n<p><strong>G\u00fcrsel \u0130leti\u015fim (Ula\u015f\u0131m)<\/strong><\/p>\n\n\n\n<p>+90 212 359 23 94<br>+90 212 359 25 52<\/p>\n<\/div>\n<\/div>\n\n\n\n<div class=\"wp-block-columns is-layout-flex wp-container-core-columns-is-layout-9d6595d7 wp-block-columns-is-layout-flex\">\n<div class=\"wp-block-column is-layout-flow wp-block-column-is-layout-flow\">\n<p><strong>Adres<\/strong><\/p>\n\n\n\n<p>\u0130stanbul Amerikan Robert Lisesi<br>Kuru\u00e7esme Cad.&nbsp; No : 87<br>Arnavutk\u00f6y \u2013 Be\u015fikta\u015f 34345<\/p>\n\n\n\n<p>\u0130stanbul \u2013 T\u00fcrkiye<\/p>\n<\/div>\n\n\n\n<div class=\"wp-block-column is-layout-flow wp-block-column-is-layout-flow\">\n<p><strong>Ofis Saatleri ( Pazartesi \u2013 Cuma )<\/strong><\/p>\n\n\n\n<p>08:30 \u2013 12:30 \/ 13:30 \u2013 16:00<\/p>\n<\/div>\n<\/div>\n\n\n\n<p class=\"has-text-align-center\">RCSummer &amp; RCS Akademi programlar\u0131 \u00d6zel Amerikan Robert Lisesi Ulus kamp\u00fcs\u00fcnde ger\u00e7ekle\u015fmektedir.<\/p>\n<\/div>\n<\/div>\n","protected":false},"excerpt":{"rendered":"<p>Baz\u0131 genel konularda bilgi almak i\u00e7in l\u00fctfen S\u0131k\u00e7a Sorulan Sorular sayfalar\u0131m\u0131z\u0131 ziyaret edin. Sormak istedi\u011finiz di\u011fer sorular i\u00e7in a\u015fa\u011f\u0131daki e-mail adresinden bize ula\u015fabilirisiniz. Duyurular\u0131m\u0131z\u0131 E-Posta olarak almak i\u00e7in ileti\u015fim listemize kaydolabilirsiniz! Telefonlar &amp; E-Posta +90 212 359 24 50+90 212 359 23 28+90 212 359 23 87 rcsparents@robcol.k12.tr G\u00fcrsel \u0130leti\u015fim (Ula\u015f\u0131m) +90 212 359 23 &hellip; <\/p>\n<p class=\"link-more\"><a href=\"https:\/\/rcsplus.org\/tr\/iletisim\/\" class=\"more-link\">Okumaya devam et<span class=\"screen-reader-text\"> &#8220;\u0130leti\u015fim&#8221;<\/span><\/a><\/p>\n","protected":false},"author":1,"featured_media":0,"parent":0,"menu_order":0,"comment_status":"closed","ping_status":"closed","template":"","meta":{"inline_featured_image":false,"footnotes":""},"class_list":["post-624","page","type-page","status-publish","hentry"],"_links":{"self":[{"href":"https:\/\/rcsplus.org\/tr\/wp-json\/wp\/v2\/pages\/624","targetHints":{"allow":["GET"]}}],"collection":[{"href":"https:\/\/rcsplus.org\/tr\/wp-json\/wp\/v2\/pages"}],"about":[{"href":"https:\/\/rcsplus.org\/tr\/wp-json\/wp\/v2\/types\/page"}],"author":[{"embeddable":true,"href":"https:\/\/rcsplus.org\/tr\/wp-json\/wp\/v2\/users\/1"}],"replies":[{"embeddable":true,"href":"https:\/\/rcsplus.org\/tr\/wp-json\/wp\/v2\/comments?post=624"}],"version-history":[{"count":29,"href":"https:\/\/rcsplus.org\/tr\/wp-json\/wp\/v2\/pages\/624\/revisions"}],"predecessor-version":[{"id":3746,"href":"https:\/\/rcsplus.org\/tr\/wp-json\/wp\/v2\/pages\/624\/revisions\/3746"}],"wp:attachment":[{"href":"https:\/\/rcsplus.org\/tr\/wp-json\/wp\/v2\/media?parent=624"}],"curies":[{"name":"wp","href":"https:\/\/api.w.org\/{rel}","templated":true}]}}